{"id":456,"date":"2015-12-24T19:57:35","date_gmt":"2015-12-24T19:57:35","guid":{"rendered":"http:\/\/s522522188.online.de\/?page_id=456"},"modified":"2018-11-08T19:08:20","modified_gmt":"2018-11-08T19:08:20","slug":"commaner-oreilly","status":"publish","type":"page","link":"http:\/\/lilomacs.de\/?page_id=456","title":{"rendered":"Commander O&#8217;Reilly of Royalspots"},"content":{"rendered":"<p><strong>Geburtsdatum:<\/strong> 17. Juli 2010<\/p>\n<p><strong>Eltern:<\/strong> Multi Ch. Gwynmor Young Emily Brown x Multi Ch. Panthera Unica Star at Sea<\/p>\n<p><strong>HD:<\/strong> 0\/ frei\/ A<\/p>\n<p><strong>Audiometrie:<\/strong> +\/+ (komplett fehlerfreier Wurf\/ the whole litter was free of any faults)<\/p>\n<p><strong>Zahnstatus:<\/strong> vollzahnig\/ all teeth<\/p>\n<p><strong>Farbe:<\/strong> wei\u00df-schwarz \/ mischerbig\/ lemon-free, da beide Eltern frei<\/p>\n<p><strong>Zuchtzulassung<\/strong>: bestanden im April 2012<\/p>\n<p><strong>Pr\u00fcfungen:<\/strong> Begleithundepr\u00fcfung (VDH); gepr\u00fcfter Rettungshund Fl\u00e4che (BRH)<\/p>\n<p><strong>Anwartschaften und Championate:<\/strong> Dtsch. Champion VDH\/Club , Dtsch. Jugendchampion Club, Cubjugendsieger B\u00fcren 2011, 5 CACIB (Internationaler Championtitel), Luxemburgischer Champion (beantragt)<\/p>\n<p><strong>W\u00fcrfe: <\/strong>Somora&#8217;s I-Wurf, Dalmacademy&#8217;s G, H und I-Wurf, von Stella Matutina G-Wurf und H-Wurf, de Salmeron F-Wurf, X-Wurf of Arabian&#8217;s Stud, Indian Dog&#8217;s G-Wurf, F-Wurf vom Lehrbacher Wald; von der Ibergquelle F-Wurf;<\/p>\n<p style=\"text-align: justify;\">Reilly ist ein sehr aufgeweckter und sehr verschmuster R\u00fcde, der immer zu einem Spa\u00df aufgelegt scheint. Im Haus ist er ruhig und ein angenehmer Zeitgenosse, der mit unseren drei Katzen sehr vertr\u00e4glich ist. Drau\u00dfen ist er ausgesprochen neugierig und m\u00f6chte sich alles gerne ansehen. Tunnel, Knisterfolie und andere Ger\u00e4tschaften machen ihm keine Angst, denn da kann man immer etwas Aufregendes und Neues entdecken. Der Kontakt mit anderen Hunden und auch Menschen ist \u00e4u\u00dferst unproblematisch.<\/p>\n<p style=\"text-align: justify;\">Bei gr\u00f6\u00dferen und \u00e4lteren Artgenossen ist er immer etwas zur\u00fcckhaltender und versucht vorsichtig Kontakte zu kn\u00fcpfen. \u00dcbertriebenes Machogehabe ist definitiv nicht seine Welt. Generell zeichnet sich Reilly durch sein sehr gutes Sozialverhalten und seinen bedachten Umgang mit anderen Hunden aus. Mit seiner Nichte Lia geht er sehr f\u00fcrsorglich um und erzieht die Kleine. Umgekehrt ist er ihr Lieblingsonkel, mit dem man wunderbar kuscheln kann.<\/p>\n<p style=\"text-align: justify;\">Reilly hat die Begleithundepr\u00fcfung im April 2012 bestanden. Im Februar 2014 hat Reilly die Vorpr\u00fcfung und Pr\u00fcfung zum Fl\u00e4chensuchhund gemeistert. Er ist mittlerweile Deutscher Champion VDH und Club und Anw\u00e4rter auf den Internationalen sowie Luxemburgischen Champion.<\/p>\nngg_shortcode_0_placeholder\n<p style=\"text-align: justify;\"><strong>Stammbaum<\/strong><\/p>\n<table cellspacing=\"0\" cellpadding=\"0\" border=\"0\">\n<tbody>\n<tr valign=\"top\" align=\"left\">\n<td width=\"906\">\n<table id=\"Tabelle15\" style=\"height: 350px; width: 100%;\" cellspacing=\"1\" cellpadding=\"1\" border=\"1\" align=\"center\">\n<tbody>\n<tr style=\"height: 13px;\" valign=\"middle\">\n<td style=\"width: 140px;\" rowspan=\"16\" valign=\"middle\" align=\"center\">\n<p style=\"text-align: center;\"><span style=\"font-family: arial,helvetica,sans-serif;\"><span style=\"font-size: 12pt;\">Int. Ch.<br \/>\nPanthera Unica<br \/>\nStar at Sea<\/span><\/span><\/p>\n<p style=\"text-align: center;\"><span style=\"font-family: arial,helvetica,sans-serif;\"><span style=\"font-size: 12pt;\">HD A<\/span><\/span><\/p>\n<p style=\"text-align: center;\"><span style=\"font-family: arial,helvetica,sans-serif;\"><span style=\"font-size: 12pt;\">all teeth<\/span><\/span><\/p>\n<p style=\"text-align: center;\"><span style=\"font-family: arial,helvetica,sans-serif;\"><span style=\"font-size: 12pt;\">+\/+<br \/>\n<\/span><\/span><\/p>\n<\/td>\n<td style=\"width: 140px;\" rowspan=\"8\" valign=\"middle\" align=\"center\">\n<p style=\"text-align: center;\"><span style=\"font-family: arial,helvetica,sans-serif;\">Multi-Ch.<br \/>\nT-Cart Man of Gold<\/span><\/p>\n<p style=\"text-align: center;\"><span style=\"font-family: arial,helvetica,sans-serif;\">HD A<\/span><\/p>\n<p style=\"text-align: center;\"><span style=\"font-family: arial,helvetica,sans-serif;\">all teeth<\/span><\/p>\n<p style=\"text-align: center;\"><span style=\"font-family: arial,helvetica,sans-serif;\">+\/+<br \/>\n<\/span><\/p>\n<\/td>\n<td style=\"width: 140px;\" rowspan=\"4\" valign=\"middle\" align=\"center\">\n<p style=\"text-align: center;\"><span style=\"font-family: arial,helvetica,sans-serif;\"><span style=\"font-size: 9pt;\">Int. Ch.<br \/>\nKnight of Gold at Theakston<\/span><\/span><\/p>\n<p style=\"text-align: center;\"><span style=\"font-family: arial,helvetica,sans-serif;\"><span style=\"font-size: 9pt;\">HD A<br \/>\n<\/span><\/span><\/p>\n<\/td>\n<td style=\"width: 140px;\" rowspan=\"2\" valign=\"middle\" align=\"center\">\n<p style=\"text-align: left;\"><span style=\"font-family: arial,helvetica,sans-serif;\"><span style=\"font-size: 10px;\">Ch. Beaumore Night Owl of Olbero<\/span><\/span><\/p>\n<\/td>\n<td style=\"width: 140px;\" valign=\"middle\" align=\"center\"><span style=\"font-family: arial,helvetica,sans-serif;\"><span style=\"font-size: 10px;\">Tantivvey Tawny Owl of Olbero<\/span><\/span><\/td>\n<\/tr>\n<tr style=\"height: 13px;\" valign=\"middle\">\n<td style=\"width: 140px;\" valign=\"middle\" align=\"center\"><span style=\"font-family: arial,helvetica,sans-serif;\"><span style=\"font-size: 10px;\">Luccombe Arrabella<\/span><\/span><\/td>\n<\/tr>\n<tr style=\"height: 13px;\" valign=\"middle\">\n<td style=\"width: 140px;\" rowspan=\"2\" valign=\"middle\" align=\"center\"><span style=\"font-family: arial,helvetica,sans-serif;\"><span style=\"font-size: 10px;\">Konavlje Stella d\u00b4Oro<\/span><\/span><\/td>\n<td style=\"width: 140px;\" valign=\"middle\" align=\"center\"><span style=\"font-family: arial,helvetica,sans-serif;\"><span style=\"font-size: 10px;\">Miragua St. Valentine<\/span><\/span><\/td>\n<\/tr>\n<tr style=\"height: 13px;\" valign=\"middle\">\n<td style=\"width: 140px;\" valign=\"middle\" align=\"center\"><span style=\"font-family: arial,helvetica,sans-serif;\"><span style=\"font-size: 10px;\">Konavlje Creme de la Creme<\/span><\/span><\/td>\n<\/tr>\n<tr style=\"height: 13px;\" valign=\"middle\">\n<td style=\"width: 140px;\" rowspan=\"4\" valign=\"middle\" align=\"center\">\n<p style=\"text-align: center;\"><span style=\"font-family: arial,helvetica,sans-serif;\"><span style=\"font-size: 9pt;\">Int. Ch.<br \/>\nT-Cart Irish Coffee<\/span><\/span><\/p>\n<\/td>\n<td style=\"width: 140px;\" rowspan=\"2\" valign=\"middle\" align=\"center\"><span style=\"font-family: arial,helvetica,sans-serif;\"><span style=\"font-size: 10px;\">T-Cart Zack<\/span><\/span><\/td>\n<td style=\"width: 140px;\" valign=\"middle\" align=\"center\"><span style=\"font-family: arial,helvetica,sans-serif;\"><span style=\"font-size: 10px;\">T-Cart Unicus<\/span><\/span><\/td>\n<\/tr>\n<tr style=\"height: 13px;\" valign=\"middle\">\n<td style=\"width: 140px;\" valign=\"middle\" align=\"center\"><span style=\"font-family: arial,helvetica,sans-serif;\"><span style=\"font-size: 10px;\">T-Cart Rasima<\/span><\/span><\/td>\n<\/tr>\n<tr style=\"height: 13px;\" valign=\"middle\">\n<td style=\"width: 140px;\" rowspan=\"2\" valign=\"middle\" align=\"center\"><span style=\"font-family: arial,helvetica,sans-serif;\"><span style=\"font-size: 10px;\">Ch. Perdita\u00b4s Key to Heaven<\/span><\/span><\/td>\n<td style=\"width: 140px;\" valign=\"middle\" align=\"center\"><span style=\"font-family: arial,helvetica,sans-serif;\"><span style=\"font-size: 10px;\">Dalmo\u00b4s Educated Edgar<\/span><\/span><\/td>\n<\/tr>\n<tr style=\"height: 13px;\" valign=\"middle\">\n<td style=\"width: 140px;\" valign=\"middle\" align=\"center\"><span style=\"font-family: arial,helvetica,sans-serif;\"><span style=\"font-size: 10px;\">Perdita\u00b4s Long Life Love<\/span><\/span><\/td>\n<\/tr>\n<tr style=\"height: 13px;\" valign=\"middle\">\n<td style=\"width: 140px;\" rowspan=\"8\" valign=\"middle\" align=\"center\">\n<p style=\"text-align: center;\"><span style=\"font-family: arial,helvetica,sans-serif;\">Int. Ch.<br \/>\nFortuna de GabriTho<\/span><\/p>\n<\/td>\n<td style=\"width: 140px;\" rowspan=\"4\" valign=\"middle\" align=\"center\">\n<p style=\"text-align: center;\"><span style=\"font-family: arial,helvetica,sans-serif;\"><span style=\"font-size: 9pt;\">Int. Ch.<br \/>\nT-Cart Black Baboo<\/span><\/span><\/p>\n<\/td>\n<td style=\"width: 140px;\" rowspan=\"2\" valign=\"middle\" align=\"center\"><span style=\"font-family: arial,helvetica,sans-serif;\"><span style=\"font-size: 10px;\">Perdita\u00b4s Jam Session<\/span><\/span><\/td>\n<td style=\"width: 140px;\" valign=\"middle\" align=\"center\"><span style=\"font-family: arial,helvetica,sans-serif;\"><span style=\"font-size: 10px;\">Dalming\u00b4s Easter Parade<\/span><\/span><\/td>\n<\/tr>\n<tr style=\"height: 13px;\" valign=\"middle\">\n<td style=\"width: 140px;\" valign=\"middle\" align=\"center\"><span style=\"font-family: arial,helvetica,sans-serif;\"><span style=\"font-size: 10px;\">Perdita\u00b4s Memory Lane<\/span><\/span><\/td>\n<\/tr>\n<tr style=\"height: 13px;\" valign=\"middle\">\n<td style=\"width: 140px;\" rowspan=\"2\" valign=\"middle\" align=\"center\"><span style=\"font-family: arial,helvetica,sans-serif;\"><span style=\"font-size: 10px;\">T-Cart Panthera Unica<\/span><\/span><\/td>\n<td style=\"width: 140px;\" valign=\"middle\" align=\"center\"><span style=\"font-family: arial,helvetica,sans-serif;\"><span style=\"font-size: 10px;\">Eddans Mimer<\/span><\/span><\/td>\n<\/tr>\n<tr style=\"height: 13px;\" valign=\"middle\">\n<td style=\"width: 140px;\" valign=\"middle\" align=\"center\"><span style=\"font-family: arial,helvetica,sans-serif;\"><span style=\"font-size: 10px;\">T-Cart High Society<\/span><\/span><\/td>\n<\/tr>\n<tr style=\"height: 13px;\" valign=\"middle\">\n<td style=\"width: 140px;\" rowspan=\"4\" valign=\"middle\" align=\"center\">\n<p style=\"text-align: center;\"><span style=\"font-family: arial,helvetica,sans-serif;\"><span style=\"font-size: 9pt;\">Ch.<br \/>\nT-Cart Zilwra<\/span><\/span><\/p>\n<p style=\"text-align: center;\"><span style=\"font-family: arial,helvetica,sans-serif;\"><span style=\"font-size: 9pt;\">HD A<br \/>\n<\/span><\/span><\/p>\n<\/td>\n<td style=\"width: 140px;\" rowspan=\"2\" valign=\"middle\" align=\"center\"><span style=\"font-family: arial,helvetica,sans-serif;\"><span style=\"font-size: 10px;\">T-Cart Unicus<\/span><\/span><\/td>\n<td style=\"width: 140px;\" valign=\"middle\" align=\"center\"><span style=\"font-family: arial,helvetica,sans-serif;\"><span style=\"font-size: 10px;\">Elaridge Prince Rufus<\/span><\/span><\/td>\n<\/tr>\n<tr style=\"height: 13px;\" valign=\"middle\">\n<td style=\"width: 140px;\" valign=\"middle\" align=\"center\"><span style=\"font-family: arial,helvetica,sans-serif;\"><span style=\"font-size: 10px;\">T-Cart High Society<\/span><\/span><\/td>\n<\/tr>\n<tr style=\"height: 13px;\" valign=\"middle\">\n<td style=\"width: 140px;\" rowspan=\"2\" valign=\"middle\" align=\"center\"><span style=\"font-family: arial,helvetica,sans-serif;\"><span style=\"font-size: 10px;\">T-Cart Rasima<\/span><\/span><\/td>\n<td style=\"width: 140px;\" valign=\"middle\" align=\"center\"><span style=\"font-family: arial,helvetica,sans-serif;\"><span style=\"font-size: 10px;\">Knight of Gold at Theakston<\/span><\/span><\/td>\n<\/tr>\n<tr style=\"height: 13px;\" valign=\"middle\">\n<td style=\"width: 140px;\" valign=\"middle\" align=\"center\"><span style=\"font-family: arial,helvetica,sans-serif;\"><span style=\"font-size: 10px;\">Heartbeat<br \/>\n<\/span><\/span><\/td>\n<\/tr>\n<tr style=\"height: 13px;\" valign=\"middle\">\n<td style=\"width: 140px;\" rowspan=\"16\" valign=\"middle\" align=\"center\">\n<p style=\"text-align: center;\"><span style=\"font-family: arial,helvetica,sans-serif;\"><span style=\"font-size: 12pt;\">Int. Ch.<br \/>\nGwynmor<br \/>\nYoung Emily Brown<\/span><\/span><\/p>\n<p style=\"text-align: center;\"><span style=\"font-family: arial,helvetica,sans-serif;\"><span style=\"font-size: 12pt;\">HD L<\/span><\/span><\/p>\n<p style=\"text-align: center;\"><span style=\"font-family: arial,helvetica,sans-serif;\"><span style=\"font-size: 12pt;\">all teeth<\/span><\/span><\/p>\n<p style=\"text-align: center;\"><span style=\"font-family: arial,helvetica,sans-serif;\"><span style=\"font-size: 12pt;\">+\/+<br \/>\n<\/span><\/span><\/p>\n<\/td>\n<td style=\"width: 140px;\" rowspan=\"8\" valign=\"middle\" align=\"center\">\n<p style=\"text-align: center;\"><span style=\"font-family: arial,helvetica,sans-serif;\">Multi-Ch.<br \/>\nBell-A-Mir\u00b4s Elegant Envoy<\/span><\/p>\n<p style=\"text-align: center;\"><span style=\"font-family: arial,helvetica,sans-serif;\">HD A<\/span><\/p>\n<p style=\"text-align: center;\"><span style=\"font-family: arial,helvetica,sans-serif;\">all theeth<\/span><\/p>\n<p style=\"text-align: center;\"><span style=\"font-family: arial,helvetica,sans-serif;\">+\/+<br \/>\n<\/span><\/p>\n<\/td>\n<td style=\"width: 140px;\" rowspan=\"4\" valign=\"middle\" align=\"center\">\n<p style=\"text-align: center;\"><span style=\"font-family: arial,helvetica,sans-serif;\"><span style=\"font-size: 9pt;\">Int.Ch.<br \/>\nSpotnik\u00b4s Viking Victory<\/span><\/span><\/p>\n<p style=\"text-align: center;\"><span style=\"font-family: arial,helvetica,sans-serif;\"><span style=\"font-size: 9pt;\">HD A<br \/>\n<\/span><\/span><\/p>\n<\/td>\n<td style=\"width: 140px;\" rowspan=\"2\" valign=\"middle\" align=\"center\"><span style=\"font-family: arial,helvetica,sans-serif;\"><span style=\"font-size: 10px;\">Int. Ch. Spotnik\u00b4s Special Selection HD B<br \/>\n<\/span><\/span><\/td>\n<td style=\"width: 140px;\" valign=\"middle\" align=\"center\"><span style=\"font-family: arial,helvetica,sans-serif;\"><span style=\"font-size: 10px;\">Spotnik\u00b4s Quick Quackery<\/span><\/span><\/p>\n<p><span style=\"font-family: arial,helvetica,sans-serif;\"><span style=\"font-size: 10px;\">HD A<br \/>\n<\/span><\/span><\/td>\n<\/tr>\n<tr style=\"height: 13px;\" valign=\"middle\">\n<td style=\"width: 140px;\" valign=\"middle\" align=\"center\"><span style=\"font-family: arial,helvetica,sans-serif;\"><span style=\"font-size: 10px;\">Spotnik\u00b4s Milkmaid<\/span><\/span><\/td>\n<\/tr>\n<tr style=\"height: 13px;\" valign=\"middle\">\n<td style=\"width: 140px;\" rowspan=\"2\" valign=\"middle\" align=\"center\"><span style=\"font-family: arial,helvetica,sans-serif;\"><span style=\"font-size: 10px;\">Ch. Perdita\u00b4s Kiss Me Better<\/span><\/span><\/td>\n<td style=\"width: 140px;\" valign=\"middle\" align=\"center\"><span style=\"font-family: arial,helvetica,sans-serif;\"><span style=\"font-size: 10px;\">Dalmo\u00b4s Educated Edgar<\/span><\/span><\/td>\n<\/tr>\n<tr style=\"height: 13px;\" valign=\"middle\">\n<td style=\"width: 140px;\" valign=\"middle\" align=\"center\"><span style=\"font-family: arial,helvetica,sans-serif;\"><span style=\"font-size: 10px;\">Perdita\u00b4s Long Live Love<\/span><\/span><\/td>\n<\/tr>\n<tr style=\"height: 13px;\" valign=\"middle\">\n<td style=\"width: 140px;\" rowspan=\"4\" valign=\"middle\" align=\"center\"><span style=\"font-family: arial,helvetica,sans-serif;\"><span style=\"font-size: 9pt;\">Bell-A-Mir\u00b4s Classy Cleopatra<\/span><\/span><\/p>\n<p><span style=\"font-family: arial,helvetica,sans-serif;\"><span style=\"font-size: 9pt;\">HD A<br \/>\n<\/span><\/span><\/td>\n<td style=\"width: 140px;\" rowspan=\"2\" valign=\"middle\" align=\"center\"><span style=\"font-family: arial,helvetica,sans-serif;\"><span style=\"font-size: 10px;\">Int. Ch. Rocca Al Mare Congregare<\/span><\/span><\/p>\n<p><span style=\"font-family: arial,helvetica,sans-serif;\"><span style=\"font-size: 10px;\">HD V<br \/>\n<\/span><\/span><\/td>\n<td style=\"width: 140px;\" valign=\"middle\" align=\"center\"><span style=\"font-family: arial,helvetica,sans-serif;\"><span style=\"font-size: 10px;\">T-Cart Unicus<\/span><\/span><\/td>\n<\/tr>\n<tr style=\"height: 13px;\" valign=\"middle\">\n<td style=\"width: 140px;\" valign=\"middle\" align=\"center\"><span style=\"font-family: arial,helvetica,sans-serif;\"><span style=\"font-size: 10px;\">Skartofta\u00b4s Clothilde<\/span><\/span><\/td>\n<\/tr>\n<tr style=\"height: 13px;\" valign=\"middle\">\n<td style=\"width: 140px;\" rowspan=\"2\" valign=\"middle\" align=\"center\"><span style=\"font-family: arial,helvetica,sans-serif;\"><span style=\"font-size: 10px;\">Bell-A-Mir\u00b4s Babuska<\/span><\/span><\/p>\n<p>&nbsp;<\/td>\n<td style=\"width: 140px;\" valign=\"middle\" align=\"center\"><span style=\"font-family: arial,helvetica,sans-serif;\"><span style=\"font-size: 10px;\">Amir<\/span><\/span><\/td>\n<\/tr>\n<tr style=\"height: 13px;\" valign=\"middle\">\n<td style=\"width: 140px;\" valign=\"middle\" align=\"center\"><span style=\"font-family: arial,helvetica,sans-serif;\"><span style=\"font-size: 10px;\">Comical\u00b4s Bella Born by Nellie<\/span><\/span><\/td>\n<\/tr>\n<tr style=\"height: 13px;\" valign=\"middle\">\n<td style=\"width: 140px;\" rowspan=\"8\" valign=\"middle\" align=\"center\">\n<p style=\"text-align: center;\"><span style=\"font-family: arial,helvetica,sans-serif;\">Ch.<br \/>\nGwynmor Quicksilver<\/span><\/p>\n<p style=\"text-align: center;\"><span style=\"font-family: arial,helvetica,sans-serif;\">HD A<br \/>\n<\/span><\/p>\n<\/td>\n<td style=\"width: 140px;\" rowspan=\"4\" valign=\"middle\" align=\"center\">\n<p style=\"text-align: center;\"><span style=\"font-family: arial,helvetica,sans-serif;\"><span style=\"font-size: 9pt;\">Multi Ch.<br \/>\nSpotnik\u00b4s Special Selection<\/span><\/span><\/p>\n<p style=\"text-align: center;\"><span style=\"font-family: arial,helvetica,sans-serif;\"><span style=\"font-size: 9pt;\">HD B<br \/>\n<\/span><\/span><\/p>\n<\/td>\n<td style=\"width: 140px;\" rowspan=\"2\" valign=\"middle\" align=\"center\"><span style=\"font-family: arial,helvetica,sans-serif;\"><span style=\"font-size: 10px;\">Ch. Spotnik\u00b4s Quick Quackery<\/span><\/span><\/p>\n<p><span style=\"font-family: arial,helvetica,sans-serif;\"><span style=\"font-size: 10px;\">HD A<br \/>\n<\/span><\/span><\/td>\n<td style=\"width: 140px;\" valign=\"middle\" align=\"center\"><span style=\"font-family: arial,helvetica,sans-serif;\"><span style=\"font-size: 10px;\">Perdita\u00b4s Inside Information<\/span><\/span><\/td>\n<\/tr>\n<tr style=\"height: 13px;\" valign=\"middle\">\n<td style=\"width: 140px;\" valign=\"middle\" align=\"center\"><span style=\"font-family: arial,helvetica,sans-serif;\"><span style=\"font-size: 10px;\">Spotnik\u00b4s New Network<\/span><\/span><\/td>\n<\/tr>\n<tr style=\"height: 13px;\" valign=\"middle\">\n<td style=\"width: 140px;\" rowspan=\"2\" valign=\"middle\" align=\"center\"><span style=\"font-family: arial,helvetica,sans-serif;\"><span style=\"font-size: 10px;\">Ch. Spotnik\u00b4s Milkmaid<\/span><\/span><\/p>\n<p><span style=\"font-family: arial,helvetica,sans-serif;\"><span style=\"font-size: 10px;\">HD A<br \/>\n<\/span><\/span><\/td>\n<td style=\"width: 140px;\" valign=\"middle\" align=\"center\"><span style=\"font-family: arial,helvetica,sans-serif;\"><span style=\"font-size: 10px;\">Timanka\u00b4s Talented Clown<\/span><\/span><\/td>\n<\/tr>\n<tr style=\"height: 13px;\" valign=\"middle\">\n<td style=\"width: 140px;\" valign=\"middle\" align=\"center\"><span style=\"font-family: arial,helvetica,sans-serif;\"><span style=\"font-size: 10px;\">Spotnik\u00b4s Emily Brown<\/span><\/span><\/td>\n<\/tr>\n<tr style=\"height: 13px;\" valign=\"middle\">\n<td style=\"width: 140px;\" rowspan=\"4\" valign=\"middle\" align=\"center\">\n<p style=\"text-align: center;\"><span style=\"font-family: arial,helvetica,sans-serif;\"><span style=\"font-size: 9pt;\">Int.Ch.<br \/>\nGwynmor Lots of Love<\/span><\/span><\/p>\n<p style=\"text-align: center;\"><span style=\"font-family: arial,helvetica,sans-serif;\"><span style=\"font-size: 9pt;\">HD A<br \/>\n<\/span><\/span><\/p>\n<\/td>\n<td style=\"width: 140px;\" rowspan=\"2\" valign=\"middle\" align=\"center\"><span style=\"font-family: arial,helvetica,sans-serif;\"><span style=\"font-size: 10px;\">Int.Ch. Gayfield Charles Brown<\/span><\/span><\/p>\n<p><span style=\"font-family: arial,helvetica,sans-serif;\"><span style=\"font-size: 10px;\">HD V<br \/>\n<\/span><\/span><\/td>\n<td style=\"width: 140px;\" valign=\"middle\" align=\"center\"><span style=\"font-family: arial,helvetica,sans-serif;\"><span style=\"font-size: 10px;\">Jemblewood Playing the Fool<\/span><\/span><\/td>\n<\/tr>\n<tr style=\"height: 13px;\" valign=\"middle\">\n<td style=\"width: 140px;\" valign=\"middle\" align=\"center\"><span style=\"font-family: arial,helvetica,sans-serif;\"><span style=\"font-size: 10px;\">Gayfield Charmain<\/span><\/span><\/td>\n<\/tr>\n<tr style=\"height: 13px;\" valign=\"middle\">\n<td style=\"width: 140px;\" rowspan=\"2\" valign=\"middle\" align=\"center\"><span style=\"font-family: arial,helvetica,sans-serif;\"><span style=\"font-size: 10px;\">Perdita\u00b4s Keep Track<\/span><\/span><\/td>\n<td style=\"width: 140px;\" valign=\"middle\" align=\"center\"><span style=\"font-family: arial,helvetica,sans-serif;\"><span style=\"font-size: 10px;\">Perdita\u00b4s Just in Time<\/span><\/span><\/td>\n<\/tr>\n<tr style=\"height: 13px;\" valign=\"middle\">\n<td style=\"width: 140px;\" valign=\"middle\" align=\"center\"><span style=\"font-family: arial,helvetica,sans-serif;\"><span style=\"font-size: 10px;\">Perdita\u00b4s Long Live Love<\/span><\/span><\/td>\n<\/tr>\n<\/tbody>\n<\/table>\n<\/td>\n<\/tr>\n<\/tbody>\n<\/table>\n","protected":false},"excerpt":{"rendered":"<p>Geburtsdatum: 17. Juli 2010 Eltern: Multi Ch. Gwynmor Young Emily Brown x Multi Ch. Panthera Unica Star at Sea HD: 0\/ frei\/ A Audiometrie: +\/+ (komplett fehlerfreier Wurf\/ the whole litter was free of any faults) Zahnstatus: vollzahnig\/ all teeth Farbe: wei\u00df-schwarz \/ mischerbig\/ lemon-free, da beide Eltern frei Zuchtzulassung: bestanden im April 2012 Pr\u00fcfungen: [&hellip;]<\/p>\n","protected":false},"author":1,"featured_media":0,"parent":454,"menu_order":0,"comment_status":"closed","ping_status":"closed","template":"","meta":{"ngg_post_thumbnail":0,"footnotes":""},"class_list":["post-456","page","type-page","status-publish","hentry"],"_links":{"self":[{"href":"http:\/\/lilomacs.de\/index.php?rest_route=\/wp\/v2\/pages\/456","targetHints":{"allow":["GET"]}}],"collection":[{"href":"http:\/\/lilomacs.de\/index.php?rest_route=\/wp\/v2\/pages"}],"about":[{"href":"http:\/\/lilomacs.de\/index.php?rest_route=\/wp\/v2\/types\/page"}],"author":[{"embeddable":true,"href":"http:\/\/lilomacs.de\/index.php?rest_route=\/wp\/v2\/users\/1"}],"replies":[{"embeddable":true,"href":"http:\/\/lilomacs.de\/index.php?rest_route=%2Fwp%2Fv2%2Fcomments&post=456"}],"version-history":[{"count":10,"href":"http:\/\/lilomacs.de\/index.php?rest_route=\/wp\/v2\/pages\/456\/revisions"}],"predecessor-version":[{"id":1016,"href":"http:\/\/lilomacs.de\/index.php?rest_route=\/wp\/v2\/pages\/456\/revisions\/1016"}],"up":[{"embeddable":true,"href":"http:\/\/lilomacs.de\/index.php?rest_route=\/wp\/v2\/pages\/454"}],"wp:attachment":[{"href":"http:\/\/lilomacs.de\/index.php?rest_route=%2Fwp%2Fv2%2Fmedia&parent=456"}],"curies":[{"name":"wp","href":"https:\/\/api.w.org\/{rel}","templated":true}]}}