{"id":458,"date":"2015-12-24T19:57:52","date_gmt":"2015-12-24T19:57:52","guid":{"rendered":"http:\/\/s522522188.online.de\/?page_id=458"},"modified":"2017-01-05T12:23:42","modified_gmt":"2017-01-05T12:23:42","slug":"crazy-finley","status":"publish","type":"page","link":"http:\/\/lilomacs.de\/?page_id=458","title":{"rendered":"Crazy Finley of Royalspots"},"content":{"rendered":"<p><strong>Geburtsdatum<\/strong>: 17. Juli 2010<\/p>\n<p><strong>Eltern<\/strong>: Multi Ch. Gwynmor Young Emily Brown x Multi Ch. Panthera Unica Star at Sea<\/p>\n<p><strong>HD:<\/strong> 0\/ frei\/ A<\/p>\n<p><strong>Audiometrie<\/strong>: +\/+ (komplett fehlerfreier Wurf\/ the whole litter was free of any faults)<\/p>\n<p><strong>Zahnstatus:<\/strong> vollzahnig\/ all teeth<\/p>\n<p><strong>Farbe<\/strong>: wei\u00df-schwarz\/ mischerbig\/ lemon-free, da beide Eltern frei<\/p>\n<p><strong>Zuchtzulassung:<\/strong> bestanden im April 2012<\/p>\n<p><strong>Pr\u00fcfungen:<\/strong> Begleithundepr\u00fcfung (VDH); gepr\u00fcfter Rettungshund Fl\u00e4che (BRH)<\/p>\n<p><strong>Anwartschaften und Championate:<\/strong> Dtsch. Champion VDH\/Club; 1x Cacib Res.; 2x BOB; Dtsch. Jugendchampion Club<\/p>\n<p style=\"text-align: justify;\">Finley ist, ebenso wie sein Bruder Reilly, ein fr\u00f6hlicher Hund, den so leicht nichts aus der Ruhe bringen kann. Das Haus teilt er sich mit unseren drei Katzen, die er sofort akzeptiert hat und die bis auf kleinere Spielversuche seinerseits von ihm nicht weiter bel\u00e4stigt werden. Finley erkundet sehr selbstsicher alle Alltagsgegenst\u00e4nde und apportiert auch schon mal ein Dummy. Er ist \u00e4u\u00dferst anh\u00e4nglich und liebt Menschen \u00fcber alles.<\/p>\n<p style=\"text-align: justify;\">Im Umgang mit Artgenossen ist er vorsichtig, taut aber schnell auf und ist mit seiner zur\u00fcckhaltenden Art der Liebling aller &#8222;Kleinhundewelpen&#8220;, die sonst mit den &#8222;Gro\u00dfen&#8220; weniger spielen, weil diese dann oft zu st\u00fcrmisch sind. Bei gr\u00f6\u00dferen und \u00e4lteren Hunden verh\u00e4lt er sich ebenso vorsichtig aber dennoch sehr kontaktfreudig. Mit seiner Nichte Lia spielt er f\u00fcr sein leben gern, die Rolle des Erziehers \u00fcbernimmt allerdings sein Bruder Reilly. Finley ist dazu viel zu verr\u00fcckt und macht lieber Faxen mit Lia. Seinen Deutschen Championtitel konnte Finley auch vollenden. Wir haben uns entschieden, Finley nicht als Deckr\u00fcden zur Verf\u00fcgung zu stellen, da er einen Hinterhandtremor hat, der ihn selbst nicht behindert, aber unserer Meinung nach, z\u00fcchterisch d.h. genetisch, nicht weitergegeben werden sollte.<\/p>\n<p style=\"text-align: justify;\">Nat\u00fcrlich arbeitet unser Kleiner auch: Wir haben im April 2012 die Begleithundepr\u00fcfung bestanden und er ist gepr\u00fcfter Fl\u00e4chensuchhund in der Rettungshundedstaffel Emscher-Lippe des BRH.<\/p>\nngg_shortcode_0_placeholder\n<p style=\"text-align: justify;\"><strong>Stammbaum<\/strong><\/p>\n<table cellspacing=\"0\" cellpadding=\"0\" border=\"0\">\n<tbody>\n<tr valign=\"top\" align=\"left\">\n<td width=\"906\">\n<table id=\"Tabelle15\" style=\"height: 350px; width: 100%;\" cellspacing=\"1\" cellpadding=\"1\" border=\"1\">\n<tbody>\n<tr style=\"height: 13px;\">\n<td rowspan=\"16\" width=\"140\">\n<p style=\"text-align: center;\"><span style=\"font-family: arial,helvetica,sans-serif;\"><span style=\"font-size: 12pt;\">Int. Ch.<br \/>\nPanthera Unica<br \/>\nStar at Sea<\/span><\/span><\/p>\n<\/td>\n<td rowspan=\"8\" width=\"140\">\n<p style=\"text-align: center;\"><span style=\"font-family: arial,helvetica,sans-serif;\">Multi-Ch.<br \/>\nT-Cart Man of Gold<\/span><\/p>\n<\/td>\n<td rowspan=\"4\" width=\"140\">\n<p style=\"text-align: center;\"><span style=\"font-family: arial,helvetica,sans-serif;\"><span style=\"font-size: 9pt;\">Int. Ch.<br \/>\nKnight of Gold at Theakston<\/span><\/span><\/p>\n<\/td>\n<td rowspan=\"2\" width=\"140\">\n<p style=\"text-align: left;\"><span style=\"font-family: arial,helvetica,sans-serif;\"><span style=\"font-size: 10px;\">Ch. Beaumore Night Owl of Olbero<\/span><\/span><\/p>\n<\/td>\n<td width=\"173\"><span style=\"font-family: arial,helvetica,sans-serif;\"><span style=\"font-size: 10px;\">Tantivvey Tawny Owl of Olbero<\/span><\/span><\/td>\n<\/tr>\n<tr>\n<td><span style=\"font-family: arial,helvetica,sans-serif;\"><span style=\"font-size: 10px;\">Luccombe Arrabella<\/span><\/span><\/td>\n<\/tr>\n<tr style=\"height: 18px;\">\n<td rowspan=\"2\"><span style=\"font-family: arial,helvetica,sans-serif;\"><span style=\"font-size: 10px;\">Konavlje Stella d\u00b4Oro<\/span><\/span><\/td>\n<td><span style=\"font-family: arial,helvetica,sans-serif;\"><span style=\"font-size: 10px;\">Miragua St. Valentine<\/span><\/span><\/td>\n<\/tr>\n<tr>\n<td><span style=\"font-family: arial,helvetica,sans-serif;\"><span style=\"font-size: 10px;\">Konavlje Creme de la Creme<\/span><\/span><\/td>\n<\/tr>\n<tr>\n<td rowspan=\"4\">\n<p style=\"text-align: center;\"><span style=\"font-family: arial,helvetica,sans-serif;\"><span style=\"font-size: 9pt;\">Int. Ch.<br \/>\nT-Cart Irish Coffee<\/span><\/span><\/p>\n<\/td>\n<td rowspan=\"2\"><span style=\"font-family: arial,helvetica,sans-serif;\"><span style=\"font-size: 10px;\">T-Cart Zack<\/span><\/span><\/td>\n<td><span style=\"font-family: arial,helvetica,sans-serif;\"><span style=\"font-size: 10px;\">T-Cart Unicus<\/span><\/span><\/td>\n<\/tr>\n<tr>\n<td><span style=\"font-family: arial,helvetica,sans-serif;\"><span style=\"font-size: 10px;\">T-Cart Rasima<\/span><\/span><\/td>\n<\/tr>\n<tr>\n<td rowspan=\"2\"><span style=\"font-family: arial,helvetica,sans-serif;\"><span style=\"font-size: 10px;\">Ch. Perdita\u00b4s Key to Heaven<\/span><\/span><\/td>\n<td><span style=\"font-family: arial,helvetica,sans-serif;\"><span style=\"font-size: 10px;\">Dalmo\u00b4s Educated Edgar<\/span><\/span><\/td>\n<\/tr>\n<tr>\n<td><span style=\"font-family: arial,helvetica,sans-serif;\"><span style=\"font-size: 10px;\">Perdita\u00b4s Long Life Love<\/span><\/span><\/td>\n<\/tr>\n<tr style=\"height: 13px;\">\n<td rowspan=\"8\">\n<p style=\"text-align: center;\"><span style=\"font-family: arial,helvetica,sans-serif;\">Int. Ch.<br \/>\nFortuna de GabriTho<\/span><\/p>\n<\/td>\n<td rowspan=\"4\">\n<p style=\"text-align: center;\"><span style=\"font-family: arial,helvetica,sans-serif;\"><span style=\"font-size: 9pt;\">Int. Ch.<br \/>\nT-Cart Black Baboo<\/span><\/span><\/p>\n<\/td>\n<td rowspan=\"2\"><span style=\"font-family: arial,helvetica,sans-serif;\"><span style=\"font-size: 10px;\">Perdita\u00b4s Jam Session<\/span><\/span><\/td>\n<td><span style=\"font-family: arial,helvetica,sans-serif;\"><span style=\"font-size: 10px;\">Dalming\u00b4s Easter Parade<\/span><\/span><\/td>\n<\/tr>\n<tr>\n<td><span style=\"font-family: arial,helvetica,sans-serif;\"><span style=\"font-size: 10px;\">Perdita\u00b4s Memory Lane<\/span><\/span><\/td>\n<\/tr>\n<tr style=\"height: 18px;\">\n<td rowspan=\"2\"><span style=\"font-family: arial,helvetica,sans-serif;\"><span style=\"font-size: 10px;\">T-Cart Panthera Unica<\/span><\/span><\/td>\n<td><span style=\"font-family: arial,helvetica,sans-serif;\"><span style=\"font-size: 10px;\">Eddans Mimer<\/span><\/span><\/td>\n<\/tr>\n<tr>\n<td><span style=\"font-family: arial,helvetica,sans-serif;\"><span style=\"font-size: 10px;\">T-Cart High Society<\/span><\/span><\/td>\n<\/tr>\n<tr>\n<td rowspan=\"4\">\n<p style=\"text-align: center;\"><span style=\"font-family: arial,helvetica,sans-serif;\"><span style=\"font-size: 9pt;\">Ch.<br \/>\nT-Cart Zilwra<\/span><\/span><\/p>\n<\/td>\n<td rowspan=\"2\"><span style=\"font-family: arial,helvetica,sans-serif;\"><span style=\"font-size: 10px;\">T-Cart Unicus<\/span><\/span><\/td>\n<td><span style=\"font-family: arial,helvetica,sans-serif;\"><span style=\"font-size: 10px;\">Elaridge Prince Rufus<\/span><\/span><\/td>\n<\/tr>\n<tr>\n<td><span style=\"font-family: arial,helvetica,sans-serif;\"><span style=\"font-size: 10px;\">T-Cart High Society<\/span><\/span><\/td>\n<\/tr>\n<tr>\n<td rowspan=\"2\"><span style=\"font-family: arial,helvetica,sans-serif;\"><span style=\"font-size: 10px;\">T-Cart Rasima<\/span><\/span><\/td>\n<td><span style=\"font-family: arial,helvetica,sans-serif;\"><span style=\"font-size: 10px;\">Knight of Gold at Theakston<\/span><\/span><\/td>\n<\/tr>\n<tr>\n<td><span style=\"font-family: arial,helvetica,sans-serif;\"><span style=\"font-size: 10px;\">Heartbeat<br \/>\n<\/span><\/span><\/td>\n<\/tr>\n<tr style=\"height: 12px;\">\n<td rowspan=\"16\">\n<p style=\"text-align: center;\"><span style=\"font-family: arial,helvetica,sans-serif;\"><span style=\"font-size: 12pt;\">Int. Ch.<br \/>\nGwynmor<br \/>\nYoung Emily Brown<\/span><\/span><\/p>\n<\/td>\n<td rowspan=\"8\">\n<p style=\"text-align: center;\"><span style=\"font-family: arial,helvetica,sans-serif;\">Multi-Ch.<br \/>\nBell-A-Mir\u00b4s Elegant Envoy<\/span><\/p>\n<\/td>\n<td rowspan=\"4\">\n<p style=\"text-align: center;\"><span style=\"font-family: arial,helvetica,sans-serif;\"><span style=\"font-size: 9pt;\">Int.Ch.<br \/>\nSpotnik\u00b4s Viking Victory<\/span><\/span><\/p>\n<\/td>\n<td rowspan=\"2\"><span style=\"font-family: arial,helvetica,sans-serif;\"><span style=\"font-size: 10px;\">Int. Ch. Spotnik\u00b4s Special Selection<\/span><\/span><\/td>\n<td><span style=\"font-family: arial,helvetica,sans-serif;\"><span style=\"font-size: 10px;\">Spotnik\u00b4s Quick Quackery<\/span><\/span><\/td>\n<\/tr>\n<tr>\n<td><span style=\"font-family: arial,helvetica,sans-serif;\"><span style=\"font-size: 10px;\">Spotnik\u00b4s Milkmaid<\/span><\/span><\/td>\n<\/tr>\n<tr>\n<td rowspan=\"2\"><span style=\"font-family: arial,helvetica,sans-serif;\"><span style=\"font-size: 10px;\">Ch. Perdita\u00b4s Kiss Me Better<\/span><\/span><\/td>\n<td><span style=\"font-family: arial,helvetica,sans-serif;\"><span style=\"font-size: 10px;\">Dalmo\u00b4s Educated Edgar<\/span><\/span><\/td>\n<\/tr>\n<tr>\n<td><span style=\"font-family: arial,helvetica,sans-serif;\"><span style=\"font-size: 10px;\">Perdita\u00b4s Long Live Love<\/span><\/span><\/td>\n<\/tr>\n<tr>\n<td rowspan=\"4\"><span style=\"font-family: arial,helvetica,sans-serif;\"><span style=\"font-size: 9pt;\">Bell-A-Mir\u00b4s Classy Cleopatra<\/span><\/span><\/td>\n<td rowspan=\"2\"><span style=\"font-family: arial,helvetica,sans-serif;\"><span style=\"font-size: 10px;\">Int. Ch. Rocca Al Mare Congregare<\/span><\/span><\/td>\n<td><span style=\"font-family: arial,helvetica,sans-serif;\"><span style=\"font-size: 10px;\">T-Cart Unicus<\/span><\/span><\/td>\n<\/tr>\n<tr>\n<td><span style=\"font-family: arial,helvetica,sans-serif;\"><span style=\"font-size: 10px;\">Skartofta\u00b4s Clothilde<\/span><\/span><\/td>\n<\/tr>\n<tr style=\"height: 12px;\">\n<td rowspan=\"2\"><span style=\"font-family: arial,helvetica,sans-serif;\"><span style=\"font-size: 10px;\">Bell-A-Mir\u00b4s Babuska<\/span><\/span><\/td>\n<td><span style=\"font-family: arial,helvetica,sans-serif;\"><span style=\"font-size: 10px;\">Amir<\/span><\/span><\/td>\n<\/tr>\n<tr>\n<td><span style=\"font-family: arial,helvetica,sans-serif;\"><span style=\"font-size: 10px;\">Comical\u00b4s Bella Born by Nellie<\/span><\/span><\/td>\n<\/tr>\n<tr style=\"height: 18px;\">\n<td rowspan=\"8\">\n<p style=\"text-align: center;\"><span style=\"font-family: arial,helvetica,sans-serif;\">Ch.<br \/>\nGwynmor Quicksilver<\/span><\/p>\n<\/td>\n<td rowspan=\"4\">\n<p style=\"text-align: center;\"><span style=\"font-family: arial,helvetica,sans-serif;\"><span style=\"font-size: 9pt;\">Multi Ch.<br \/>\nSpotnik\u00b4s Special Selection<\/span><\/span><\/p>\n<\/td>\n<td rowspan=\"2\"><span style=\"font-family: arial,helvetica,sans-serif;\"><span style=\"font-size: 10px;\">Ch. Spotnik\u00b4s Quick Quackery<\/span><\/span><\/td>\n<td><span style=\"font-family: arial,helvetica,sans-serif;\"><span style=\"font-size: 10px;\">Perdita\u00b4s Inside Information<\/span><\/span><\/td>\n<\/tr>\n<tr>\n<td><span style=\"font-family: arial,helvetica,sans-serif;\"><span style=\"font-size: 10px;\">Spotnik\u00b4s New Network<\/span><\/span><\/td>\n<\/tr>\n<tr>\n<td rowspan=\"2\"><span style=\"font-family: arial,helvetica,sans-serif;\"><span style=\"font-size: 10px;\">Ch. Spotnik\u00b4s Milkmaid<\/span><\/span><\/td>\n<td><span style=\"font-family: arial,helvetica,sans-serif;\"><span style=\"font-size: 10px;\">Timanka\u00b4s Talented Clown<\/span><\/span><\/td>\n<\/tr>\n<tr>\n<td><span style=\"font-family: arial,helvetica,sans-serif;\"><span style=\"font-size: 10px;\">Spotnik\u00b4s Emily Brown<\/span><\/span><\/td>\n<\/tr>\n<tr style=\"height: 16px;\">\n<td rowspan=\"4\">\n<p style=\"text-align: center;\"><span style=\"font-family: arial,helvetica,sans-serif;\"><span style=\"font-size: 9pt;\">Int.Ch.<br \/>\nGwynmor Lots of Love<\/span><\/span><\/p>\n<\/td>\n<td rowspan=\"2\"><span style=\"font-family: arial,helvetica,sans-serif;\"><span style=\"font-size: 10px;\">Int.Ch. Gayfield Charles Brown<\/span><\/span><\/td>\n<td><span style=\"font-family: arial,helvetica,sans-serif;\"><span style=\"font-size: 10px;\">Jemblewood Playing the Fool<\/span><\/span><\/td>\n<\/tr>\n<tr>\n<td><span style=\"font-family: arial,helvetica,sans-serif;\"><span style=\"font-size: 10px;\">Gayfield Charmain<\/span><\/span><\/td>\n<\/tr>\n<tr>\n<td rowspan=\"2\"><span style=\"font-family: arial,helvetica,sans-serif;\"><span style=\"font-size: 10px;\">Perdita\u00b4s Keep Track<\/span><\/span><\/td>\n<td><span style=\"font-family: arial,helvetica,sans-serif;\"><span style=\"font-size: 10px;\">Perdita\u00b4s Just in Time<\/span><\/span><\/td>\n<\/tr>\n<tr>\n<td><span style=\"font-family: arial,helvetica,sans-serif;\"><span style=\"font-size: 10px;\">Perdita\u00b4s Long Live Love<\/span><\/span><\/td>\n<\/tr>\n<\/tbody>\n<\/table>\n<\/td>\n<\/tr>\n<\/tbody>\n<\/table>\n","protected":false},"excerpt":{"rendered":"<p>Geburtsdatum: 17. Juli 2010 Eltern: Multi Ch. Gwynmor Young Emily Brown x Multi Ch. Panthera Unica Star at Sea HD: 0\/ frei\/ A Audiometrie: +\/+ (komplett fehlerfreier Wurf\/ the whole litter was free of any faults) Zahnstatus: vollzahnig\/ all teeth Farbe: wei\u00df-schwarz\/ mischerbig\/ lemon-free, da beide Eltern frei Zuchtzulassung: bestanden im April 2012 Pr\u00fcfungen: Begleithundepr\u00fcfung [&hellip;]<\/p>\n","protected":false},"author":1,"featured_media":0,"parent":454,"menu_order":0,"comment_status":"closed","ping_status":"closed","template":"","meta":{"ngg_post_thumbnail":0,"footnotes":""},"class_list":["post-458","page","type-page","status-publish","hentry"],"_links":{"self":[{"href":"http:\/\/lilomacs.de\/index.php?rest_route=\/wp\/v2\/pages\/458","targetHints":{"allow":["GET"]}}],"collection":[{"href":"http:\/\/lilomacs.de\/index.php?rest_route=\/wp\/v2\/pages"}],"about":[{"href":"http:\/\/lilomacs.de\/index.php?rest_route=\/wp\/v2\/types\/page"}],"author":[{"embeddable":true,"href":"http:\/\/lilomacs.de\/index.php?rest_route=\/wp\/v2\/users\/1"}],"replies":[{"embeddable":true,"href":"http:\/\/lilomacs.de\/index.php?rest_route=%2Fwp%2Fv2%2Fcomments&post=458"}],"version-history":[{"count":6,"href":"http:\/\/lilomacs.de\/index.php?rest_route=\/wp\/v2\/pages\/458\/revisions"}],"predecessor-version":[{"id":829,"href":"http:\/\/lilomacs.de\/index.php?rest_route=\/wp\/v2\/pages\/458\/revisions\/829"}],"up":[{"embeddable":true,"href":"http:\/\/lilomacs.de\/index.php?rest_route=\/wp\/v2\/pages\/454"}],"wp:attachment":[{"href":"http:\/\/lilomacs.de\/index.php?rest_route=%2Fwp%2Fv2%2Fmedia&parent=458"}],"curies":[{"name":"wp","href":"https:\/\/api.w.org\/{rel}","templated":true}]}}