{"id":460,"date":"2015-12-24T19:58:12","date_gmt":"2015-12-24T19:58:12","guid":{"rendered":"http:\/\/s522522188.online.de\/?page_id=460"},"modified":"2017-01-05T12:12:34","modified_gmt":"2017-01-05T12:12:34","slug":"cest-la-vie","status":"publish","type":"page","link":"http:\/\/lilomacs.de\/?page_id=460","title":{"rendered":"C&#8217;est la vie of Royalspots"},"content":{"rendered":"<p><strong>Geburtsdatum:<\/strong> 17.07.2010<\/p>\n<p><strong>Eltern: <\/strong>Multi Ch. Gwynmor Young Emily Brown x Multi Ch. Panthera Unica Star at Sea<strong><br \/>\n<\/strong><\/p>\n<p><strong>HD: <\/strong>0\/ frei\/ A<\/p>\n<p><strong>Audiometrie: <\/strong>+\/+ (komplett fehlerfreier Wurf\/ the whole litter was free of any faults)<\/p>\n<p><strong>Zahnstatus: <\/strong>vollzahnig\/ all teeth<\/p>\n<p><strong>Farbe: <\/strong>wei\u00df-braun<\/p>\n<p><strong>Zuchtzulassung: <\/strong>bestanden im Juli 2013<\/p>\n<p><strong>Pr\u00fcfungen: <\/strong>bisher keine<\/p>\n<p><strong>Anwartschaften und Championate:<\/strong> 4x CACIB,3x CACIB Res., 1x BOB, 2nd&nbsp; BIG, Europajugendsiegerin 2011, FCI-Jahrhundertjugendsiegerin 2011, Dtsch. Jugendchampion VDH\/Club, Dtsch. Ch. VDH und Club<\/p>\n<p>W\u00fcrfe: Lilomac&#8217;s A-Wurf<\/p>\n<p style=\"text-align: justify;\">Cella kam zu uns Anfang 2013, nachdem sich ihr und der Z\u00fcchter unserer Jungs dazu entschlossen hatte, aus privaten Gr\u00fcnden die Zucht einzustellen und auch f\u00fcr Cella ein neues Zuhause zu suchen, in welchem ihrer Bewegungsfreude und ihren Anspr\u00fcchen f\u00fcr eine altersgem\u00e4\u00dfe Besch\u00e4ftigung Rechnung getragen werden kann. F\u00fcr uns stellte sich vorerst die Frage, ob es jetzt doch schon viel fr\u00fcher als geplant ginge, eine H\u00fcndin aufzunehmen. Es stand von jeher fest, dass irgendwann einmal ein M\u00e4dchen, vielleicht mit Aussicht auf eine eigene Zucht, bei uns einziehen w\u00fcrde. Wir haben lange beratschlagt, obwohl mein Bauchgef\u00fchl schon fr\u00fch laute Bef\u00fcrwortung von sich gab&#8230;Die Jungs sollten nicht zur\u00fcckstehen m\u00fcssen, sie sollten weiterhin ein gutes Verh\u00e4ltnis miteinander haben und um keinen Preis abgegeben werden. Die Arbeit mit der Staffel sollte auch nicht leiden und so kamen wir dann doch nach gr\u00fcndlichem \u00dcberlegen zu dem Entschluss, Cella zu uns zu holen. Wir haben ein G\u00e4stehaus auf unserem Grundst\u00fcck, was uns die Zeit der L\u00e4ufigkeit hinweg als Wohnort f\u00fcr Cella und mich dienen soll, damit die Jungs nicht die direkte Gegenwart einer l\u00e4ufigen H\u00fcndin im Haus haben und in dieser Zeit mit Patrick eine Strohwitwerrunde bilden d\u00fcrfen. Dass es dennoch anspruchsvoll werden wird, war uns deutlich bewusst. Dennoch bereue ich keine Tag unsere Entscheidung. Cella passt hervorragend in unser Minirudel, ist aufgeschlossen und sehr nett und die drei harmonieren unglaublich gut miteinander. Ohne pathetisch klingen zu wollen, k\u00f6nnen wir sagen, dass wir unser fehlendes Puzzleteil mit Cella gefunden haben! Wir haben uns noch nie so ausgeglichen und komplett gef\u00fchlt. Cella macht mit Begeisterung in der Hundeschule mit und liebt Fun-Agilty. Ab und zu machen wir ein wenig Dummytraining.<\/p>\n<p style=\"text-align: justify;\">Im Jahr 2014 ist Cella Mutter unseres A-Wurfes geworden. Sie hat es mit Bravour gemeistert und wir sind sehr stolz auf unsere &#8222;Mami&#8220;. Alles Weitere gibt es unter der Rubrik &#8222;A-Wurf&#8220;.<\/p>\nngg_shortcode_0_placeholder\n<p style=\"text-align: justify;\"><strong>Stammbaum<\/strong><\/p>\n<table cellspacing=\"0\" cellpadding=\"0\" border=\"0\">\n<tbody>\n<tr valign=\"top\" align=\"left\">\n<td width=\"906\">\n<table id=\"Tabelle15\" style=\"height: 350px; width: 100%;\" cellspacing=\"1\" cellpadding=\"1\" border=\"1\" align=\"center\">\n<tbody>\n<tr style=\"height: 13px;\" valign=\"middle\">\n<td style=\"width: 140px;\" rowspan=\"16\" valign=\"middle\" align=\"center\">\n<p style=\"text-align: center;\"><span style=\"font-family: arial,helvetica,sans-serif;\"><span style=\"font-size: 12pt;\">Int. Ch.<br \/>\nPanthera Unica<br \/>\nStar at Sea<\/span><\/span><\/p>\n<p style=\"text-align: center;\"><span style=\"font-family: arial,helvetica,sans-serif;\"><span style=\"font-size: 12pt;\">HD A<\/span><\/span><\/p>\n<p style=\"text-align: center;\"><span style=\"font-family: arial,helvetica,sans-serif;\"><span style=\"font-size: 12pt;\">all teeth<\/span><\/span><\/p>\n<p style=\"text-align: center;\"><span style=\"font-family: arial,helvetica,sans-serif;\"><span style=\"font-size: 12pt;\">+\/+<br \/>\n<\/span><\/span><\/p>\n<\/td>\n<td style=\"width: 140px;\" rowspan=\"8\" valign=\"middle\" align=\"center\">\n<p style=\"text-align: center;\"><span style=\"font-family: arial,helvetica,sans-serif;\">Multi-Ch.<br \/>\nT-Cart Man of Gold<\/span><\/p>\n<p style=\"text-align: center;\"><span style=\"font-family: arial,helvetica,sans-serif;\">HD A<\/span><\/p>\n<p style=\"text-align: center;\"><span style=\"font-family: arial,helvetica,sans-serif;\">all teeth<\/span><\/p>\n<p style=\"text-align: center;\"><span style=\"font-family: arial,helvetica,sans-serif;\">+\/+<br \/>\n<\/span><\/p>\n<\/td>\n<td style=\"width: 140px;\" rowspan=\"4\" valign=\"middle\" align=\"center\">\n<p style=\"text-align: center;\"><span style=\"font-family: arial,helvetica,sans-serif;\"><span style=\"font-size: 9pt;\">Int. Ch.<br \/>\nKnight of Gold at Theakston<\/span><\/span><\/p>\n<p style=\"text-align: center;\"><span style=\"font-family: arial,helvetica,sans-serif;\"><span style=\"font-size: 9pt;\">HD A<br \/>\n<\/span><\/span><\/p>\n<\/td>\n<td style=\"width: 140px;\" rowspan=\"2\" valign=\"middle\" align=\"center\">\n<p style=\"text-align: left;\"><span style=\"font-family: arial,helvetica,sans-serif;\"><span style=\"font-size: 10px;\">Ch. Beaumore Night Owl of Olbero<\/span><\/span><\/p>\n<\/td>\n<td style=\"width: 140px;\" valign=\"middle\" align=\"center\"><span style=\"font-family: arial,helvetica,sans-serif;\"><span style=\"font-size: 10px;\">Tantivvey Tawny Owl of Olbero<\/span><\/span><\/td>\n<\/tr>\n<tr style=\"height: 13px;\" valign=\"middle\">\n<td style=\"width: 140px;\" valign=\"middle\" align=\"center\"><span style=\"font-family: arial,helvetica,sans-serif;\"><span style=\"font-size: 10px;\">Luccombe Arrabella<\/span><\/span><\/td>\n<\/tr>\n<tr style=\"height: 13px;\" valign=\"middle\">\n<td style=\"width: 140px;\" rowspan=\"2\" valign=\"middle\" align=\"center\"><span style=\"font-family: arial,helvetica,sans-serif;\"><span style=\"font-size: 10px;\">Konavlje Stella d\u00b4Oro<\/span><\/span><\/td>\n<td style=\"width: 140px;\" valign=\"middle\" align=\"center\"><span style=\"font-family: arial,helvetica,sans-serif;\"><span style=\"font-size: 10px;\">Miragua St. Valentine<\/span><\/span><\/td>\n<\/tr>\n<tr style=\"height: 13px;\" valign=\"middle\">\n<td style=\"width: 140px;\" valign=\"middle\" align=\"center\"><span style=\"font-family: arial,helvetica,sans-serif;\"><span style=\"font-size: 10px;\">Konavlje Creme de la Creme<\/span><\/span><\/td>\n<\/tr>\n<tr style=\"height: 13px;\" valign=\"middle\">\n<td style=\"width: 140px;\" rowspan=\"4\" valign=\"middle\" align=\"center\">\n<p style=\"text-align: center;\"><span style=\"font-family: arial,helvetica,sans-serif;\"><span style=\"font-size: 9pt;\">Int. Ch.<br \/>\nT-Cart Irish Coffee<\/span><\/span><\/p>\n<\/td>\n<td style=\"width: 140px;\" rowspan=\"2\" valign=\"middle\" align=\"center\"><span style=\"font-family: arial,helvetica,sans-serif;\"><span style=\"font-size: 10px;\">T-Cart Zack<\/span><\/span><\/td>\n<td style=\"width: 140px;\" valign=\"middle\" align=\"center\"><span style=\"font-family: arial,helvetica,sans-serif;\"><span style=\"font-size: 10px;\">T-Cart Unicus<\/span><\/span><\/td>\n<\/tr>\n<tr style=\"height: 13px;\" valign=\"middle\">\n<td style=\"width: 140px;\" valign=\"middle\" align=\"center\"><span style=\"font-family: arial,helvetica,sans-serif;\"><span style=\"font-size: 10px;\">T-Cart Rasima<\/span><\/span><\/td>\n<\/tr>\n<tr style=\"height: 13px;\" valign=\"middle\">\n<td style=\"width: 140px;\" rowspan=\"2\" valign=\"middle\" align=\"center\"><span style=\"font-family: arial,helvetica,sans-serif;\"><span style=\"font-size: 10px;\">Ch. Perdita\u00b4s Key to Heaven<\/span><\/span><\/td>\n<td style=\"width: 140px;\" valign=\"middle\" align=\"center\"><span style=\"font-family: arial,helvetica,sans-serif;\"><span style=\"font-size: 10px;\">Dalmo\u00b4s Educated Edgar<\/span><\/span><\/td>\n<\/tr>\n<tr style=\"height: 13px;\" valign=\"middle\">\n<td style=\"width: 140px;\" valign=\"middle\" align=\"center\"><span style=\"font-family: arial,helvetica,sans-serif;\"><span style=\"font-size: 10px;\">Perdita\u00b4s Long Life Love<\/span><\/span><\/td>\n<\/tr>\n<tr style=\"height: 13px;\" valign=\"middle\">\n<td style=\"width: 140px;\" rowspan=\"8\" valign=\"middle\" align=\"center\">\n<p style=\"text-align: center;\"><span style=\"font-family: arial,helvetica,sans-serif;\">Int. Ch.<br \/>\nFortuna de GabriTho<\/span><\/p>\n<\/td>\n<td style=\"width: 140px;\" rowspan=\"4\" valign=\"middle\" align=\"center\">\n<p style=\"text-align: center;\"><span style=\"font-family: arial,helvetica,sans-serif;\"><span style=\"font-size: 9pt;\">Int. Ch.<br \/>\nT-Cart Black Baboo<\/span><\/span><\/p>\n<\/td>\n<td style=\"width: 140px;\" rowspan=\"2\" valign=\"middle\" align=\"center\"><span style=\"font-family: arial,helvetica,sans-serif;\"><span style=\"font-size: 10px;\">Perdita\u00b4s Jam Session<\/span><\/span><\/td>\n<td style=\"width: 140px;\" valign=\"middle\" align=\"center\"><span style=\"font-family: arial,helvetica,sans-serif;\"><span style=\"font-size: 10px;\">Dalming\u00b4s Easter Parade<\/span><\/span><\/td>\n<\/tr>\n<tr style=\"height: 13px;\" valign=\"middle\">\n<td style=\"width: 140px;\" valign=\"middle\" align=\"center\"><span style=\"font-family: arial,helvetica,sans-serif;\"><span style=\"font-size: 10px;\">Perdita\u00b4s Memory Lane<\/span><\/span><\/td>\n<\/tr>\n<tr style=\"height: 13px;\" valign=\"middle\">\n<td style=\"width: 140px;\" rowspan=\"2\" valign=\"middle\" align=\"center\"><span style=\"font-family: arial,helvetica,sans-serif;\"><span style=\"font-size: 10px;\">T-Cart Panthera Unica<\/span><\/span><\/td>\n<td style=\"width: 140px;\" valign=\"middle\" align=\"center\"><span style=\"font-family: arial,helvetica,sans-serif;\"><span style=\"font-size: 10px;\">Eddans Mimer<\/span><\/span><\/td>\n<\/tr>\n<tr style=\"height: 13px;\" valign=\"middle\">\n<td style=\"width: 140px;\" valign=\"middle\" align=\"center\"><span style=\"font-family: arial,helvetica,sans-serif;\"><span style=\"font-size: 10px;\">T-Cart High Society<\/span><\/span><\/td>\n<\/tr>\n<tr style=\"height: 13px;\" valign=\"middle\">\n<td style=\"width: 140px;\" rowspan=\"4\" valign=\"middle\" align=\"center\">\n<p style=\"text-align: center;\"><span style=\"font-family: arial,helvetica,sans-serif;\"><span style=\"font-size: 9pt;\">Ch.<br \/>\nT-Cart Zilwra<\/span><\/span><\/p>\n<p style=\"text-align: center;\"><span style=\"font-family: arial,helvetica,sans-serif;\"><span style=\"font-size: 9pt;\">HD A<br \/>\n<\/span><\/span><\/p>\n<\/td>\n<td style=\"width: 140px;\" rowspan=\"2\" valign=\"middle\" align=\"center\"><span style=\"font-family: arial,helvetica,sans-serif;\"><span style=\"font-size: 10px;\">T-Cart Unicus<\/span><\/span><\/td>\n<td style=\"width: 140px;\" valign=\"middle\" align=\"center\"><span style=\"font-family: arial,helvetica,sans-serif;\"><span style=\"font-size: 10px;\">Elaridge Prince Rufus<\/span><\/span><\/td>\n<\/tr>\n<tr style=\"height: 13px;\" valign=\"middle\">\n<td style=\"width: 140px;\" valign=\"middle\" align=\"center\"><span style=\"font-family: arial,helvetica,sans-serif;\"><span style=\"font-size: 10px;\">T-Cart High Society<\/span><\/span><\/td>\n<\/tr>\n<tr style=\"height: 13px;\" valign=\"middle\">\n<td style=\"width: 140px;\" rowspan=\"2\" valign=\"middle\" align=\"center\"><span style=\"font-family: arial,helvetica,sans-serif;\"><span style=\"font-size: 10px;\">T-Cart Rasima<\/span><\/span><\/td>\n<td style=\"width: 140px;\" valign=\"middle\" align=\"center\"><span style=\"font-family: arial,helvetica,sans-serif;\"><span style=\"font-size: 10px;\">Knight of Gold at Theakston<\/span><\/span><\/td>\n<\/tr>\n<tr style=\"height: 13px;\" valign=\"middle\">\n<td style=\"width: 140px;\" valign=\"middle\" align=\"center\"><span style=\"font-family: arial,helvetica,sans-serif;\"><span style=\"font-size: 10px;\">Heartbeat<br \/>\n<\/span><\/span><\/td>\n<\/tr>\n<tr style=\"height: 13px;\" valign=\"middle\">\n<td style=\"width: 140px;\" rowspan=\"16\" valign=\"middle\" align=\"center\">\n<p style=\"text-align: center;\"><span style=\"font-family: arial,helvetica,sans-serif;\"><span style=\"font-size: 12pt;\">Int. Ch.<br \/>\nGwynmor<br \/>\nYoung Emily Brown<\/span><\/span><\/p>\n<p style=\"text-align: center;\"><span style=\"font-family: arial,helvetica,sans-serif;\"><span style=\"font-size: 12pt;\">HD L<\/span><\/span><\/p>\n<p style=\"text-align: center;\"><span style=\"font-family: arial,helvetica,sans-serif;\"><span style=\"font-size: 12pt;\">all teeth<\/span><\/span><\/p>\n<p style=\"text-align: center;\"><span style=\"font-family: arial,helvetica,sans-serif;\"><span style=\"font-size: 12pt;\">+\/+<br \/>\n<\/span><\/span><\/p>\n<\/td>\n<td style=\"width: 140px;\" rowspan=\"8\" valign=\"middle\" align=\"center\">\n<p style=\"text-align: center;\"><span style=\"font-family: arial,helvetica,sans-serif;\">Multi-Ch.<br \/>\nBell-A-Mir\u00b4s Elegant Envoy<\/span><\/p>\n<p style=\"text-align: center;\"><span style=\"font-family: arial,helvetica,sans-serif;\">HD A<\/span><\/p>\n<p style=\"text-align: center;\"><span style=\"font-family: arial,helvetica,sans-serif;\">all theeth<\/span><\/p>\n<p style=\"text-align: center;\"><span style=\"font-family: arial,helvetica,sans-serif;\">+\/+<br \/>\n<\/span><\/p>\n<\/td>\n<td style=\"width: 140px;\" rowspan=\"4\" valign=\"middle\" align=\"center\">\n<p style=\"text-align: center;\"><span style=\"font-family: arial,helvetica,sans-serif;\"><span style=\"font-size: 9pt;\">Int.Ch.<br \/>\nSpotnik\u00b4s Viking Victory<\/span><\/span><\/p>\n<p style=\"text-align: center;\"><span style=\"font-family: arial,helvetica,sans-serif;\"><span style=\"font-size: 9pt;\">HD A<br \/>\n<\/span><\/span><\/p>\n<\/td>\n<td style=\"width: 140px;\" rowspan=\"2\" valign=\"middle\" align=\"center\"><span style=\"font-family: arial,helvetica,sans-serif;\"><span style=\"font-size: 10px;\">Int. Ch. Spotnik\u00b4s Special Selection HD B<br \/>\n<\/span><\/span><\/td>\n<td style=\"width: 140px;\" valign=\"middle\" align=\"center\"><span style=\"font-family: arial,helvetica,sans-serif;\"><span style=\"font-size: 10px;\">Spotnik\u00b4s Quick Quackery<\/span><\/span><\/p>\n<p><span style=\"font-family: arial,helvetica,sans-serif;\"><span style=\"font-size: 10px;\">HD A<br \/>\n<\/span><\/span><\/td>\n<\/tr>\n<tr style=\"height: 13px;\" valign=\"middle\">\n<td style=\"width: 140px;\" valign=\"middle\" align=\"center\"><span style=\"font-family: arial,helvetica,sans-serif;\"><span style=\"font-size: 10px;\">Spotnik\u00b4s Milkmaid<\/span><\/span><\/td>\n<\/tr>\n<tr style=\"height: 13px;\" valign=\"middle\">\n<td style=\"width: 140px;\" rowspan=\"2\" valign=\"middle\" align=\"center\"><span style=\"font-family: arial,helvetica,sans-serif;\"><span style=\"font-size: 10px;\">Ch. Perdita\u00b4s Kiss Me Better<\/span><\/span><\/td>\n<td style=\"width: 140px;\" valign=\"middle\" align=\"center\"><span style=\"font-family: arial,helvetica,sans-serif;\"><span style=\"font-size: 10px;\">Dalmo\u00b4s Educated Edgar<\/span><\/span><\/td>\n<\/tr>\n<tr style=\"height: 13px;\" valign=\"middle\">\n<td style=\"width: 140px;\" valign=\"middle\" align=\"center\"><span style=\"font-family: arial,helvetica,sans-serif;\"><span style=\"font-size: 10px;\">Perdita\u00b4s Long Live Love<\/span><\/span><\/td>\n<\/tr>\n<tr style=\"height: 13px;\" valign=\"middle\">\n<td style=\"width: 140px;\" rowspan=\"4\" valign=\"middle\" align=\"center\"><span style=\"font-family: arial,helvetica,sans-serif;\"><span style=\"font-size: 9pt;\">Bell-A-Mir\u00b4s Classy Cleopatra<\/span><\/span><\/p>\n<p><span style=\"font-family: arial,helvetica,sans-serif;\"><span style=\"font-size: 9pt;\">HD A<br \/>\n<\/span><\/span><\/td>\n<td style=\"width: 140px;\" rowspan=\"2\" valign=\"middle\" align=\"center\"><span style=\"font-family: arial,helvetica,sans-serif;\"><span style=\"font-size: 10px;\">Int. Ch. Rocca Al Mare Congregare<\/span><\/span><\/p>\n<p><span style=\"font-family: arial,helvetica,sans-serif;\"><span style=\"font-size: 10px;\">HD V<br \/>\n<\/span><\/span><\/td>\n<td style=\"width: 140px;\" valign=\"middle\" align=\"center\"><span style=\"font-family: arial,helvetica,sans-serif;\"><span style=\"font-size: 10px;\">T-Cart Unicus<\/span><\/span><\/td>\n<\/tr>\n<tr style=\"height: 13px;\" valign=\"middle\">\n<td style=\"width: 140px;\" valign=\"middle\" align=\"center\"><span style=\"font-family: arial,helvetica,sans-serif;\"><span style=\"font-size: 10px;\">Skartofta\u00b4s Clothilde<\/span><\/span><\/td>\n<\/tr>\n<tr style=\"height: 13px;\" valign=\"middle\">\n<td style=\"width: 140px;\" rowspan=\"2\" valign=\"middle\" align=\"center\"><span style=\"font-family: arial,helvetica,sans-serif;\"><span style=\"font-size: 10px;\">Bell-A-Mir\u00b4s Babuska<\/span><\/span><\/p>\n<p>&nbsp;<\/td>\n<td style=\"width: 140px;\" valign=\"middle\" align=\"center\"><span style=\"font-family: arial,helvetica,sans-serif;\"><span style=\"font-size: 10px;\">Amir<\/span><\/span><\/td>\n<\/tr>\n<tr style=\"height: 13px;\" valign=\"middle\">\n<td style=\"width: 140px;\" valign=\"middle\" align=\"center\"><span style=\"font-family: arial,helvetica,sans-serif;\"><span style=\"font-size: 10px;\">Comical\u00b4s Bella Born by Nellie<\/span><\/span><\/td>\n<\/tr>\n<tr style=\"height: 13px;\" valign=\"middle\">\n<td style=\"width: 140px;\" rowspan=\"8\" valign=\"middle\" align=\"center\">\n<p style=\"text-align: center;\"><span style=\"font-family: arial,helvetica,sans-serif;\">Ch.<br \/>\nGwynmor Quicksilver<\/span><\/p>\n<p style=\"text-align: center;\"><span style=\"font-family: arial,helvetica,sans-serif;\">HD A<br \/>\n<\/span><\/p>\n<\/td>\n<td style=\"width: 140px;\" rowspan=\"4\" valign=\"middle\" align=\"center\">\n<p style=\"text-align: center;\"><span style=\"font-family: arial,helvetica,sans-serif;\"><span style=\"font-size: 9pt;\">Multi Ch.<br \/>\nSpotnik\u00b4s Special Selection<\/span><\/span><\/p>\n<p style=\"text-align: center;\"><span style=\"font-family: arial,helvetica,sans-serif;\"><span style=\"font-size: 9pt;\">HD B<br \/>\n<\/span><\/span><\/p>\n<\/td>\n<td style=\"width: 140px;\" rowspan=\"2\" valign=\"middle\" align=\"center\"><span style=\"font-family: arial,helvetica,sans-serif;\"><span style=\"font-size: 10px;\">Ch. Spotnik\u00b4s Quick Quackery<\/span><\/span><\/p>\n<p><span style=\"font-family: arial,helvetica,sans-serif;\"><span style=\"font-size: 10px;\">HD A<br \/>\n<\/span><\/span><\/td>\n<td style=\"width: 140px;\" valign=\"middle\" align=\"center\"><span style=\"font-family: arial,helvetica,sans-serif;\"><span style=\"font-size: 10px;\">Perdita\u00b4s Inside Information<\/span><\/span><\/td>\n<\/tr>\n<tr style=\"height: 13px;\" valign=\"middle\">\n<td style=\"width: 140px;\" valign=\"middle\" align=\"center\"><span style=\"font-family: arial,helvetica,sans-serif;\"><span style=\"font-size: 10px;\">Spotnik\u00b4s New Network<\/span><\/span><\/td>\n<\/tr>\n<tr style=\"height: 13px;\" valign=\"middle\">\n<td style=\"width: 140px;\" rowspan=\"2\" valign=\"middle\" align=\"center\"><span style=\"font-family: arial,helvetica,sans-serif;\"><span style=\"font-size: 10px;\">Ch. Spotnik\u00b4s Milkmaid<\/span><\/span><\/p>\n<p><span style=\"font-family: arial,helvetica,sans-serif;\"><span style=\"font-size: 10px;\">HD A<br \/>\n<\/span><\/span><\/td>\n<td style=\"width: 140px;\" valign=\"middle\" align=\"center\"><span style=\"font-family: arial,helvetica,sans-serif;\"><span style=\"font-size: 10px;\">Timanka\u00b4s Talented Clown<\/span><\/span><\/td>\n<\/tr>\n<tr style=\"height: 13px;\" valign=\"middle\">\n<td style=\"width: 140px;\" valign=\"middle\" align=\"center\"><span style=\"font-family: arial,helvetica,sans-serif;\"><span style=\"font-size: 10px;\">Spotnik\u00b4s Emily Brown<\/span><\/span><\/td>\n<\/tr>\n<tr style=\"height: 13px;\" valign=\"middle\">\n<td style=\"width: 140px;\" rowspan=\"4\" valign=\"middle\" align=\"center\">\n<p style=\"text-align: center;\"><span style=\"font-family: arial,helvetica,sans-serif;\"><span style=\"font-size: 9pt;\">Int.Ch.<br \/>\nGwynmor Lots of Love<\/span><\/span><\/p>\n<p style=\"text-align: center;\"><span style=\"font-family: arial,helvetica,sans-serif;\"><span style=\"font-size: 9pt;\">HD A<br \/>\n<\/span><\/span><\/p>\n<\/td>\n<td style=\"width: 140px;\" rowspan=\"2\" valign=\"middle\" align=\"center\"><span style=\"font-family: arial,helvetica,sans-serif;\"><span style=\"font-size: 10px;\">Int.Ch. Gayfield Charles Brown<\/span><\/span><\/p>\n<p><span style=\"font-family: arial,helvetica,sans-serif;\"><span style=\"font-size: 10px;\">HD V<br \/>\n<\/span><\/span><\/td>\n<td style=\"width: 140px;\" valign=\"middle\" align=\"center\"><span style=\"font-family: arial,helvetica,sans-serif;\"><span style=\"font-size: 10px;\">Jemblewood Playing the Fool<\/span><\/span><\/td>\n<\/tr>\n<tr style=\"height: 13px;\" valign=\"middle\">\n<td style=\"width: 140px;\" valign=\"middle\" align=\"center\"><span style=\"font-family: arial,helvetica,sans-serif;\"><span style=\"font-size: 10px;\">Gayfield Charmain<\/span><\/span><\/td>\n<\/tr>\n<tr style=\"height: 13px;\" valign=\"middle\">\n<td style=\"width: 140px;\" rowspan=\"2\" valign=\"middle\" align=\"center\"><span style=\"font-family: arial,helvetica,sans-serif;\"><span style=\"font-size: 10px;\">Perdita\u00b4s Keep Track<\/span><\/span><\/td>\n<td style=\"width: 140px;\" valign=\"middle\" align=\"center\"><span style=\"font-family: arial,helvetica,sans-serif;\"><span style=\"font-size: 10px;\">Perdita\u00b4s Just in Time<\/span><\/span><\/td>\n<\/tr>\n<tr style=\"height: 13px;\" valign=\"middle\">\n<td style=\"width: 140px;\" valign=\"middle\" align=\"center\"><span style=\"font-family: arial,helvetica,sans-serif;\"><span style=\"font-size: 10px;\">Perdita\u00b4s Long Live Love<\/span><\/span><\/td>\n<\/tr>\n<\/tbody>\n<\/table>\n<\/td>\n<\/tr>\n<\/tbody>\n<\/table>\n","protected":false},"excerpt":{"rendered":"<p>Geburtsdatum: 17.07.2010 Eltern: Multi Ch. Gwynmor Young Emily Brown x Multi Ch. Panthera Unica Star at Sea HD: 0\/ frei\/ A Audiometrie: +\/+ (komplett fehlerfreier Wurf\/ the whole litter was free of any faults) Zahnstatus: vollzahnig\/ all teeth Farbe: wei\u00df-braun Zuchtzulassung: bestanden im Juli 2013 Pr\u00fcfungen: bisher keine Anwartschaften und Championate: 4x CACIB,3x CACIB Res., [&hellip;]<\/p>\n","protected":false},"author":1,"featured_media":0,"parent":454,"menu_order":0,"comment_status":"closed","ping_status":"closed","template":"","meta":{"ngg_post_thumbnail":0,"footnotes":""},"class_list":["post-460","page","type-page","status-publish","hentry"],"_links":{"self":[{"href":"http:\/\/lilomacs.de\/index.php?rest_route=\/wp\/v2\/pages\/460","targetHints":{"allow":["GET"]}}],"collection":[{"href":"http:\/\/lilomacs.de\/index.php?rest_route=\/wp\/v2\/pages"}],"about":[{"href":"http:\/\/lilomacs.de\/index.php?rest_route=\/wp\/v2\/types\/page"}],"author":[{"embeddable":true,"href":"http:\/\/lilomacs.de\/index.php?rest_route=\/wp\/v2\/users\/1"}],"replies":[{"embeddable":true,"href":"http:\/\/lilomacs.de\/index.php?rest_route=%2Fwp%2Fv2%2Fcomments&post=460"}],"version-history":[{"count":7,"href":"http:\/\/lilomacs.de\/index.php?rest_route=\/wp\/v2\/pages\/460\/revisions"}],"predecessor-version":[{"id":809,"href":"http:\/\/lilomacs.de\/index.php?rest_route=\/wp\/v2\/pages\/460\/revisions\/809"}],"up":[{"embeddable":true,"href":"http:\/\/lilomacs.de\/index.php?rest_route=\/wp\/v2\/pages\/454"}],"wp:attachment":[{"href":"http:\/\/lilomacs.de\/index.php?rest_route=%2Fwp%2Fv2%2Fmedia&parent=460"}],"curies":[{"name":"wp","href":"https:\/\/api.w.org\/{rel}","templated":true}]}}