{"id":462,"date":"2015-12-24T19:58:52","date_gmt":"2015-12-24T19:58:52","guid":{"rendered":"http:\/\/s522522188.online.de\/?page_id=462"},"modified":"2021-01-12T16:39:50","modified_gmt":"2021-01-12T16:39:50","slug":"aloha-ohana-oliana","status":"publish","type":"page","link":"http:\/\/lilomacs.de\/?page_id=462","title":{"rendered":"Lilomac&#8217;s Aloha Ohana Oliana"},"content":{"rendered":"<p><strong>Geburtsdatum:<\/strong> 07.06.2014<\/p>\n<p><strong>Eltern:<\/strong> Farfalla Wiliam Arthur x Ch. C&#8217;est la vie of Royalspots<strong><br \/>\n<\/strong><\/p>\n<p><strong>HD: <\/strong>B<strong> ED: <\/strong>0<\/p>\n<p><strong>ARDS, Maligne Hyperthermie und Degenerative Myelopathie: <\/strong>frei (Laboklin)<\/p>\n<p><strong>Audiometrie: <\/strong>+\/+<\/p>\n<p><strong>Zahnstatus: <\/strong>vollzahnig\/ all teeth<\/p>\n<p><strong>Farbe: <\/strong>wei\u00df-braun<\/p>\n<p><strong>Zuchtzulassung: <\/strong>bestanden Februar 2016<\/p>\n<p><strong>Pr\u00fcfungen: <\/strong>Begleithundepr\u00fcfung<\/p>\n<p><strong>Anwartschaften und Championate:<\/strong> 4 CAC, 1 CAC Res. , 4 Res. CACIB, 1 CACL Res., 3 CACA, 3CACIB&nbsp; Deutscher Champion Club und VDH, D\u00e4nischer Champion<\/p>\n<p><strong>W\u00fcrfe:<\/strong> Lilomac&#8217;s B-Wurf 2017<\/p>\n<p style=\"text-align: justify;\">Unsere J\u00fcngste, Rufname Lia, ist aus unserem A-Wurf bei uns geblieben. Schon in den ersten Wochen war immer wieder das Gef\u00fchl da, dass sie bleiben m\u00fcsste, wenigstens einen Mitbesitzer wollten wir suchen. In der sechsten Woche fiel dann vorsichtig die Entscheidung: Wenn die Audiometrie und der Zahnstatus stimmen, darf sie bleiben&#8230; Nun &#8211; sie ist geblieben und erfreut uns mit ihrer coolen und ruhigen Art immer wieder aufs Neue. Reilly ist definitv ihr Lieblingsonkel, vor allem zum Kuscheln und Anlehnen. Mit Finley kann man drau\u00dfen prima Bl\u00f6dsinn machen. Im Haus haben die beiden eher weniger miteinander zu tun. Mit ihrer Mama bildet sie ein tolles Team, sie haben sich schon von Beginn an nur durch winzigste Gesten verst\u00e4ndigt. So subtil, freundlich und dezent wie die beiden miteinander umgehen sind wir uns sicher, dass es richtig war, eine H\u00fcndin zu behalten. Ihre menschenzugewandte Art macht den Alltag einfach nur erfreulich. Zu Hause ist sie ein &#8222;Papa-Kind&#8220;, definitiv wei\u00df sie, dass Patrick das letzte Z\u00fcnglein an der Waage war, damit sie bleiben durfte \ud83d\ude09<\/p>\n<p style=\"text-align: justify;\">Ihre Ausstellungskarriere war durchaus sehr erfolgreich und mit dem Deutschen Champion VDH und Club sowie den D\u00e4nischen Championtitel darf sie sich nun schm\u00fccken.<\/p>\n<p>Lia ist Mutter unseres B-Wurfes und hat dies wirklich tapfer und souver\u00e4n gemeistert.<\/p>\nngg_shortcode_0_placeholder\n<p style=\"text-align: justify;\"><strong>Stammbaum<\/strong><\/p>\n<table cellspacing=\"0\" cellpadding=\"0\" border=\"0\">\n<tbody>\n<tr valign=\"top\" align=\"left\">\n<td width=\"906\">\n<table id=\"Tabelle15\" style=\"height: 350px; width: 100%;\" cellspacing=\"1\" cellpadding=\"1\" border=\"1\" align=\"center\">\n<tbody>\n<tr style=\"height: 13px;\" valign=\"middle\">\n<td style=\"width: 140px;\" rowspan=\"16\" valign=\"middle\" align=\"center\">\n<p style=\"text-align: center;\"><span style=\"font-family: arial,helvetica,sans-serif;\"><span style=\"font-size: 12pt;\">Farfalla Wiliam Arthur<br \/>\n<\/span><\/span><\/p>\n<p style=\"text-align: center;\"><span style=\"font-family: arial,helvetica,sans-serif;\"><span style=\"font-size: 12pt;\">HD B all teeth<\/span><\/span><\/p>\n<p style=\"text-align: center;\"><span style=\"font-family: arial,helvetica,sans-serif;\"><span style=\"font-size: 12pt;\">+\/+<br \/>\n<\/span><\/span><\/p>\n<\/td>\n<td style=\"width: 140px;\" rowspan=\"8\" valign=\"middle\" align=\"center\">Crunch Munch von Ascabah&nbsp;<\/p>\n<p>+\/+<\/p>\n<p>&nbsp;<\/td>\n<td style=\"width: 140px;\" rowspan=\"4\" valign=\"middle\" align=\"center\">Ch.<br \/>\nDalmo&#8217;s Headmaster II<br \/>\nHD A+\/+<\/td>\n<td style=\"width: 140px;\" rowspan=\"2\" valign=\"middle\" align=\"center\">Ch.<br \/>\nDalmo&#8217;s Aragon the First<br \/>\nHD A+\/+<\/td>\n<td style=\"width: 140px;\" valign=\"middle\" align=\"center\">Ch. Spotnik&#8217;s Snow Storm<\/td>\n<\/tr>\n<tr style=\"height: 13px;\" valign=\"middle\">\n<td style=\"width: 140px;\" valign=\"middle\" align=\"center\">Ch. Dalmo&#8217;s Octavia<\/td>\n<\/tr>\n<tr style=\"height: 13px;\" valign=\"middle\">\n<td style=\"width: 140px;\" rowspan=\"2\" valign=\"middle\" align=\"center\">Ch.<br \/>\nDalmo&#8217;s Viva la Bamba<br \/>\nHD A<\/td>\n<td style=\"width: 140px;\" valign=\"middle\" align=\"center\">Ch. Dalmo&#8216; Ringleader<\/td>\n<\/tr>\n<tr style=\"height: 13px;\" valign=\"middle\">\n<td style=\"width: 140px;\" valign=\"middle\" align=\"center\">&nbsp;Ch. Perdits&#8217;s Kick to Dalmo<\/td>\n<\/tr>\n<tr style=\"height: 13px;\" valign=\"middle\">\n<td style=\"width: 140px;\" rowspan=\"4\" valign=\"middle\" align=\"center\">Ch.<br \/>\nGwynmor Unchained Melody<br \/>\nHD Aall teeth+\/+<\/td>\n<td style=\"width: 140px;\" rowspan=\"2\" valign=\"middle\" align=\"center\">Ch. Spotnik&#8217;s Special Selection<br \/>\nHD B+\/+<\/td>\n<td style=\"width: 140px;\" valign=\"middle\" align=\"center\">Ch. Spotnik&#8217;s Quick Quackery<\/td>\n<\/tr>\n<tr style=\"height: 13px;\" valign=\"middle\">\n<td style=\"width: 140px;\" valign=\"middle\" align=\"center\">&nbsp;Ch. Spotnik&#8217;s Milkmaid<\/td>\n<\/tr>\n<tr style=\"height: 13px;\" valign=\"middle\">\n<td style=\"width: 140px;\" rowspan=\"2\" valign=\"middle\" align=\"center\">Ch.<br \/>\nGwynmor Lili Mai<br \/>\nHD A+\/+<\/td>\n<td style=\"width: 140px;\" valign=\"middle\" align=\"center\">&nbsp;Ch. Gayfield Charles Brown<\/td>\n<\/tr>\n<tr style=\"height: 13px;\" valign=\"middle\">\n<td style=\"width: 140px;\" valign=\"middle\" align=\"center\">Ch. Perdita&#8217;s Keep Track<\/td>\n<\/tr>\n<tr style=\"height: 13px;\" valign=\"middle\">\n<td style=\"width: 140px;\" rowspan=\"8\" valign=\"middle\" align=\"center\">Ch.<br \/>\nYagoda-Malina iz Terletskoy Dubravy+\/+<\/td>\n<td style=\"width: 140px;\" rowspan=\"4\" valign=\"middle\" align=\"center\">Ch.<br \/>\nPuding Dog Knjaz Terletskiy<br \/>\nHD B+\/+<\/td>\n<td style=\"width: 140px;\" rowspan=\"2\" valign=\"middle\" align=\"center\">Ch.<br \/>\nBad Mad Serbian Surprise in Raul<br \/>\nHD A<\/td>\n<td style=\"width: 140px;\" valign=\"middle\" align=\"center\">Ch. Spotnik&#8217;s Special Selection<\/td>\n<\/tr>\n<tr style=\"height: 13px;\" valign=\"middle\">\n<td style=\"width: 140px;\" valign=\"middle\" align=\"center\">Ch. T-Cart Made by Love<\/td>\n<\/tr>\n<tr style=\"height: 13px;\" valign=\"middle\">\n<td style=\"width: 140px;\" rowspan=\"2\" valign=\"middle\" align=\"center\">Ch.<br \/>\nEzhevika iz Terletskoy Dubravy<\/td>\n<td style=\"width: 140px;\" valign=\"middle\" align=\"center\">Ch. Daloes Robbsdale&#8217;s Easy Rider<\/td>\n<\/tr>\n<tr style=\"height: 13px;\" valign=\"middle\">\n<td style=\"width: 140px;\" valign=\"middle\" align=\"center\">&nbsp;Ch. Gwynmor Never Say Never<\/td>\n<\/tr>\n<tr style=\"height: 13px;\" valign=\"middle\">\n<td style=\"width: 140px;\" rowspan=\"4\" valign=\"middle\" align=\"center\">Lavanda iz Terletskoy Dubravy<\/td>\n<td style=\"width: 140px;\" rowspan=\"2\" valign=\"middle\" align=\"center\">Ch.<br \/>\nKeen Keemun of Dalbury&#8217;s Clan<\/td>\n<td style=\"width: 140px;\" valign=\"middle\" align=\"center\">&nbsp;Ch. Timanka&#8217;s Almost a Clown<\/td>\n<\/tr>\n<tr style=\"height: 13px;\" valign=\"middle\">\n<td style=\"width: 140px;\" valign=\"middle\" align=\"center\">Dainty Djeany of Dalbury&#8217;s Clan<\/td>\n<\/tr>\n<tr style=\"height: 13px;\" valign=\"middle\">\n<td style=\"width: 140px;\" rowspan=\"2\" valign=\"middle\" align=\"center\">Ch.<br \/>\nLegenda iz Terletskoy Dubravy<\/td>\n<td style=\"width: 140px;\" valign=\"middle\" align=\"center\">Ch. Navarro della Belcora<\/td>\n<\/tr>\n<tr style=\"height: 13px;\" valign=\"middle\">\n<td style=\"width: 140px;\" valign=\"middle\" align=\"center\">Ch. Lucia della Belcora<\/td>\n<\/tr>\n<tr style=\"height: 13px;\" valign=\"middle\">\n<td style=\"width: 140px;\" rowspan=\"16\" valign=\"middle\" align=\"center\">\n<p style=\"text-align: center;\"><span style=\"font-family: arial,helvetica,sans-serif;\"><span style=\"font-size: 12pt;\">Dt.Ch. C&#8217;est la vie of Royalspots<br \/>\n<\/span><\/span><\/p>\n<p style=\"text-align: center;\"><span style=\"font-family: arial,helvetica,sans-serif;\"><span style=\"font-size: 12pt;\">HD A<br \/>\n<\/span><\/span><\/p>\n<p style=\"text-align: center;\"><span style=\"font-family: arial,helvetica,sans-serif;\"><span style=\"font-size: 12pt;\">all teeth<\/span><\/span><\/p>\n<p style=\"text-align: center;\"><span style=\"font-family: arial,helvetica,sans-serif;\"><span style=\"font-size: 12pt;\">+\/+<br \/>\n<\/span><\/span><\/p>\n<\/td>\n<td style=\"width: 140px;\" rowspan=\"8\" valign=\"middle\" align=\"center\">Ch. Panthera Unica Star at Sea&nbsp;<\/p>\n<p>HD A<\/p>\n<p>all teeth<\/p>\n<p>+\/+<\/td>\n<td style=\"width: 140px;\" rowspan=\"4\" valign=\"middle\" align=\"center\">Ch.<br \/>\nT-Cart Man of Gold<br \/>\nHD A<\/td>\n<td style=\"width: 140px;\" rowspan=\"2\" valign=\"middle\" align=\"center\">Ch.<br \/>\nKnight of Gold at Theakston<br \/>\nHD A<\/td>\n<td style=\"width: 140px;\" valign=\"middle\" align=\"center\">Ch. Beaumore Night Owl of Olbero<\/td>\n<\/tr>\n<tr style=\"height: 13px;\" valign=\"middle\">\n<td style=\"width: 140px;\" valign=\"middle\" align=\"center\">&nbsp;Konavlje Stella D&#8217;Oro<\/td>\n<\/tr>\n<tr style=\"height: 13px;\" valign=\"middle\">\n<td style=\"width: 140px;\" rowspan=\"2\" valign=\"middle\" align=\"center\">Ch.<br \/>\nT-Cart Irish Coffee<\/td>\n<td style=\"width: 140px;\" valign=\"middle\" align=\"center\">&nbsp;T-Cart Zack<\/td>\n<\/tr>\n<tr style=\"height: 13px;\" valign=\"middle\">\n<td style=\"width: 140px;\" valign=\"middle\" align=\"center\">Ch. Perdita&#8217;s Key to Heaven<\/td>\n<\/tr>\n<tr style=\"height: 13px;\" valign=\"middle\">\n<td style=\"width: 140px;\" rowspan=\"4\" valign=\"middle\" align=\"center\">Ch.<br \/>\nFortuna de GabriTho<br \/>\nHD A<\/td>\n<td style=\"width: 140px;\" rowspan=\"2\" valign=\"middle\" align=\"center\">Ch.<br \/>\nT-Cart Black Baboo<\/td>\n<td style=\"width: 140px;\" valign=\"middle\" align=\"center\">Perdita&#8217;s Jam Session<\/td>\n<\/tr>\n<tr style=\"height: 13px;\" valign=\"middle\">\n<td style=\"width: 140px;\" valign=\"middle\" align=\"center\">T-Cart Panthera Unica<\/td>\n<\/tr>\n<tr style=\"height: 13px;\" valign=\"middle\">\n<td style=\"width: 140px;\" rowspan=\"2\" valign=\"middle\" align=\"center\">&nbsp;Ch.<br \/>\nT-Cart Zilwra<br \/>\nHD A<\/td>\n<td style=\"width: 140px;\" valign=\"middle\" align=\"center\">&nbsp;T-Cart Unicus<\/td>\n<\/tr>\n<tr style=\"height: 13px;\" valign=\"middle\">\n<td style=\"width: 140px;\" valign=\"middle\" align=\"center\">Ch. T-Cart Rasima<\/td>\n<\/tr>\n<tr style=\"height: 13px;\" valign=\"middle\">\n<td style=\"width: 140px;\" rowspan=\"8\" valign=\"middle\" align=\"center\">Ch. Gwynmor Young Emily Brown&nbsp;<\/p>\n<p>HD L<\/p>\n<p>all teeth<\/p>\n<p>+\/+<\/td>\n<td style=\"width: 140px;\" rowspan=\"4\" valign=\"middle\" align=\"center\">Ch.<br \/>\nBell-A-Mir&#8217;s Elegant Envoy<br \/>\nHD A+\/+<\/td>\n<td style=\"width: 140px;\" rowspan=\"2\" valign=\"middle\" align=\"center\">Ch.<br \/>\nSpotnik&#8217;s Viking Victory<br \/>\nHD A<\/td>\n<td style=\"width: 140px;\" valign=\"middle\" align=\"center\">Ch. Spotnik&#8217;s Special Selection<\/td>\n<\/tr>\n<tr style=\"height: 13px;\" valign=\"middle\">\n<td style=\"width: 140px;\" valign=\"middle\" align=\"center\">&nbsp;Ch. Perdita&#8217;s Kiss Me Better<\/td>\n<\/tr>\n<tr style=\"height: 13px;\" valign=\"middle\">\n<td style=\"width: 140px;\" rowspan=\"2\" valign=\"middle\" align=\"center\">Bell-a-Mir&#8217;s Classy Cleopatra<br \/>\nHD A<\/td>\n<td style=\"width: 140px;\" valign=\"middle\" align=\"center\">&nbsp;Ch. Rocca al Mare Congregare<\/td>\n<\/tr>\n<tr style=\"height: 13px;\" valign=\"middle\">\n<td style=\"width: 140px;\" valign=\"middle\" align=\"center\">Bell-A-Mir&#8217;s Babuska<\/td>\n<\/tr>\n<tr style=\"height: 13px;\" valign=\"middle\">\n<td style=\"width: 140px;\" rowspan=\"4\" valign=\"middle\" align=\"center\">&nbsp;Ch.<br \/>\nGwynmor Quicksilver<br \/>\nHD A+\/+<\/td>\n<td style=\"width: 140px;\" rowspan=\"2\" valign=\"middle\" align=\"center\">&nbsp;Ch.<br \/>\nSpotnik&#8217;s Special Selection<br \/>\nHD B+\/+<\/td>\n<td style=\"width: 140px;\" valign=\"middle\" align=\"center\">Ch. Spotnik&#8217;s Quick Quackery<\/td>\n<\/tr>\n<tr style=\"height: 13px;\" valign=\"middle\">\n<td style=\"width: 140px;\" valign=\"middle\" align=\"center\">Ch. Spotnik&#8217;s Milkmaid<\/td>\n<\/tr>\n<tr style=\"height: 13px;\" valign=\"middle\">\n<td style=\"width: 140px;\" rowspan=\"2\" valign=\"middle\" align=\"center\">Ch.<br \/>\nGwynmor Lots of Love<br \/>\nHD A<br \/>\n+\/+<\/td>\n<td style=\"width: 140px;\" valign=\"middle\" align=\"center\">&nbsp;Ch. Gayfield Charles Brown<\/td>\n<\/tr>\n<tr style=\"height: 13px;\" valign=\"middle\">\n<td style=\"width: 140px;\" valign=\"middle\" align=\"center\">Perdita&#8217;s Keep Track<\/td>\n<\/tr>\n<\/tbody>\n<\/table>\n<\/td>\n<\/tr>\n<\/tbody>\n<\/table>\n","protected":false},"excerpt":{"rendered":"<p>Geburtsdatum: 07.06.2014 Eltern: Farfalla Wiliam Arthur x Ch. C&#8217;est la vie of Royalspots HD: B ED: 0 ARDS, Maligne Hyperthermie und Degenerative Myelopathie: frei (Laboklin) Audiometrie: +\/+ Zahnstatus: vollzahnig\/ all teeth Farbe: wei\u00df-braun Zuchtzulassung: bestanden Februar 2016 Pr\u00fcfungen: Begleithundepr\u00fcfung Anwartschaften und Championate: 4 CAC, 1 CAC Res. , 4 Res. CACIB, 1 CACL Res., 3 [&hellip;]<\/p>\n","protected":false},"author":1,"featured_media":0,"parent":454,"menu_order":0,"comment_status":"closed","ping_status":"closed","template":"","meta":{"ngg_post_thumbnail":0,"footnotes":""},"class_list":["post-462","page","type-page","status-publish","hentry"],"_links":{"self":[{"href":"http:\/\/lilomacs.de\/index.php?rest_route=\/wp\/v2\/pages\/462","targetHints":{"allow":["GET"]}}],"collection":[{"href":"http:\/\/lilomacs.de\/index.php?rest_route=\/wp\/v2\/pages"}],"about":[{"href":"http:\/\/lilomacs.de\/index.php?rest_route=\/wp\/v2\/types\/page"}],"author":[{"embeddable":true,"href":"http:\/\/lilomacs.de\/index.php?rest_route=\/wp\/v2\/users\/1"}],"replies":[{"embeddable":true,"href":"http:\/\/lilomacs.de\/index.php?rest_route=%2Fwp%2Fv2%2Fcomments&post=462"}],"version-history":[{"count":18,"href":"http:\/\/lilomacs.de\/index.php?rest_route=\/wp\/v2\/pages\/462\/revisions"}],"predecessor-version":[{"id":1027,"href":"http:\/\/lilomacs.de\/index.php?rest_route=\/wp\/v2\/pages\/462\/revisions\/1027"}],"up":[{"embeddable":true,"href":"http:\/\/lilomacs.de\/index.php?rest_route=\/wp\/v2\/pages\/454"}],"wp:attachment":[{"href":"http:\/\/lilomacs.de\/index.php?rest_route=%2Fwp%2Fv2%2Fmedia&parent=462"}],"curies":[{"name":"wp","href":"https:\/\/api.w.org\/{rel}","templated":true}]}}