{"id":494,"date":"2015-12-24T21:01:34","date_gmt":"2015-12-24T21:01:34","guid":{"rendered":"http:\/\/s522522188.online.de\/?page_id=494"},"modified":"2021-01-12T16:43:00","modified_gmt":"2021-01-12T16:43:00","slug":"a-little-don-juan","status":"publish","type":"page","link":"http:\/\/lilomacs.de\/?page_id=494","title":{"rendered":"Lilomac&#8217;s A little Don Juan"},"content":{"rendered":"<p><strong>Geburtsdatum:<\/strong> 07.06.2014<\/p>\n<p><strong>Eltern:<\/strong> Farfalla Wiliam Arthur x Ch. C&#8217;est la vie of Royalspots<strong><br \/>\n<\/strong><\/p>\n<p><strong>HD: <\/strong>A <strong>ED:<\/strong>0 <strong>ARDS: <\/strong>frei<\/p>\n<p><strong>Audiometrie: <\/strong>+\/+<\/p>\n<p><strong>Zahnstatus: <\/strong>vollzahnig\/ all teeth<\/p>\n<p><strong>Farbe: <\/strong>wei\u00df-braun<\/p>\n<p><strong>Zuchtzulassung: <\/strong>bestanden im Mai 2017 (DVD)<\/p>\n<p><strong>Pr\u00fcfungen: <\/strong>bisher keine<\/p>\n<p><strong>Anwartschaften und Championate:<\/strong> 3CACA, 1 CAC Res., 3 CAC, 2 Res. CACIB, 4 CACIB, Deutscher Champion VDH\/Club, Internationaler Champion, \u00d6sterreichischer Champion<\/p>\n<p><strong>W\u00fcrfe:<\/strong> Somora&#8217;s M-Litter<\/p>\n<p style=\"text-align: justify;\">Don ist ein richtiger kleiner (oder auch gro\u00dfer ;)) Sonnenschein, der schon als Welpe bei uns gezeigt hat, dass er nicht nur sehr clever, sondern auch unglaublich sozial und tiefenentspannt ist. Da wir Lia behalten wollten, Don aber durchaus Einiges an Potenzial zeigte, haben wir uns entschieden, einen Mitbesitzer zu suchen. Don lebt mit seinem Frauchen zusammen das sch\u00f6ne Studentenleben in Passau und darf &#8211; wer h\u00e4tte das gedacht &#8211; mit zur Uni und in den Vorlesungen auch mit in den H\u00f6rsaal. Da wo sonst angehende Juristen aufmerksam zuh\u00f6ren, hat er sich beinahe schon bei Professoren wie Studenten den Status eines heimlichen Maskottchens &#8222;erarbeitet&#8220;, wird zu jedem nur m\u00f6glichen Fall als &#8222;Corpus delicti&#8220; herangezogen und genie\u00dft es, im H\u00f6rsaal als einziger zwischendurch mal aufstehen und seine Runden drehen zu d\u00fcrfen.<\/p>\n<p style=\"text-align: justify;\">In regelm\u00e4\u00dfigen Abst\u00e4nden kommt Don zu uns &#8222;auf Besuch&#8220; zur\u00fcck in den Ruhrpott und ist sofort wieder in unser Minirudel integriert, als ob er nie weg gewesen w\u00e4re. \u00dcbernachtungen und l\u00e4ngere Aufenthalte bei uns sind f\u00fcr ihn schon zu einer liebgewonnenen Routine geworden, sodass wir seine Entwicklung sehr genau beobachten k\u00f6nnen. Sein Sozialverhalten gegen\u00fcber anderen Hunden l\u00e4sst uns immer wieder staunen, denn Streitereien geht er aus dem Weg. Schon bei der Wurfbeurteilung bzw. einem Verhaltenstest mit knapp acht Wochen durch eine Verhaltenstrainerin wurde dieser freundliche Charakterzug sichtbar und hat sich bis heute immer nur best\u00e4tigen k\u00f6nnen.<\/p>\n<p style=\"text-align: justify;\">Don ist aktiv in der Hundeschule und beim Mantrailing und auch sonst ein sehr lernfreudiger junger Bursche, der hin und wieder auf Ausstellungen zu sehen ist und ausgesuchten H\u00fcndinnen auch als Deckpartner zur Verf\u00fcgung steht.<\/p>\n<p><a href=\"http:\/\/lilomacs.de\/wp-content\/uploads\/2015\/12\/11351261_830836470303256_1189531928210325015_n.jpg\">&nbsp;<\/a><\/p>\nngg_shortcode_0_placeholder\n<p style=\"text-align: justify;\"><strong>Stammbaum<\/strong><\/p>\n<table cellspacing=\"0\" cellpadding=\"0\" border=\"0\">\n<tbody>\n<tr valign=\"top\" align=\"left\">\n<td width=\"906\">\n<table id=\"Tabelle15\" style=\"height: 350px; width: 100%;\" cellspacing=\"1\" cellpadding=\"1\" border=\"1\" align=\"center\">\n<tbody>\n<tr style=\"height: 13px;\" valign=\"middle\">\n<td style=\"width: 140px;\" rowspan=\"16\" valign=\"middle\" align=\"center\">\n<p style=\"text-align: center;\"><span style=\"font-family: arial,helvetica,sans-serif;\"><span style=\"font-size: 12pt;\">Farfalla Wiliam Arthur<br \/>\n<\/span><\/span><\/p>\n<p style=\"text-align: center;\"><span style=\"font-family: arial,helvetica,sans-serif;\"><span style=\"font-size: 12pt;\">HD B all teeth<\/span><\/span><\/p>\n<p style=\"text-align: center;\"><span style=\"font-family: arial,helvetica,sans-serif;\"><span style=\"font-size: 12pt;\">+\/+<br \/>\n<\/span><\/span><\/p>\n<\/td>\n<td style=\"width: 140px;\" rowspan=\"8\" valign=\"middle\" align=\"center\">Crunch Munch von Ascabah&nbsp;<\/p>\n<p>+\/+<\/p>\n<p>&nbsp;<\/td>\n<td style=\"width: 140px;\" rowspan=\"4\" valign=\"middle\" align=\"center\">Ch.<br \/>\nDalmo&#8217;s Headmaster II<br \/>\nHD A+\/+<\/td>\n<td style=\"width: 140px;\" rowspan=\"2\" valign=\"middle\" align=\"center\">Ch.<br \/>\nDalmo&#8217;s Aragon the First<br \/>\nHD A+\/+<\/td>\n<td style=\"width: 140px;\" valign=\"middle\" align=\"center\">Ch. Spotnik&#8217;s Snow Storm<\/td>\n<\/tr>\n<tr style=\"height: 13px;\" valign=\"middle\">\n<td style=\"width: 140px;\" valign=\"middle\" align=\"center\">Ch. Dalmo&#8217;s Octavia<\/td>\n<\/tr>\n<tr style=\"height: 13px;\" valign=\"middle\">\n<td style=\"width: 140px;\" rowspan=\"2\" valign=\"middle\" align=\"center\">Ch.<br \/>\nDalmo&#8217;s Viva la Bamba<br \/>\nHD A<\/td>\n<td style=\"width: 140px;\" valign=\"middle\" align=\"center\">Ch. Dalmo&#8216; Ringleader<\/td>\n<\/tr>\n<tr style=\"height: 13px;\" valign=\"middle\">\n<td style=\"width: 140px;\" valign=\"middle\" align=\"center\">Ch. Perdits&#8217;s Kick to Dalmo<\/td>\n<\/tr>\n<tr style=\"height: 13px;\" valign=\"middle\">\n<td style=\"width: 140px;\" rowspan=\"4\" valign=\"middle\" align=\"center\">Ch.<br \/>\nGwynmor Unchained Melody<br \/>\nHD Aall teeth+\/+<\/td>\n<td style=\"width: 140px;\" rowspan=\"2\" valign=\"middle\" align=\"center\">Ch. Spotnik&#8217;s Special Selection<br \/>\nHD B+\/+<\/td>\n<td style=\"width: 140px;\" valign=\"middle\" align=\"center\">Ch. Spotnik&#8217;s Quick Quackery<\/td>\n<\/tr>\n<tr style=\"height: 13px;\" valign=\"middle\">\n<td style=\"width: 140px;\" valign=\"middle\" align=\"center\">Ch. Spotnik&#8217;s Milkmaid<\/td>\n<\/tr>\n<tr style=\"height: 13px;\" valign=\"middle\">\n<td style=\"width: 140px;\" rowspan=\"2\" valign=\"middle\" align=\"center\">Ch.<br \/>\nGwynmor Lili Mai<br \/>\nHD A+\/+<\/td>\n<td style=\"width: 140px;\" valign=\"middle\" align=\"center\">Ch. Gayfield Charles Brown<\/td>\n<\/tr>\n<tr style=\"height: 13px;\" valign=\"middle\">\n<td style=\"width: 140px;\" valign=\"middle\" align=\"center\">Ch. Perdita&#8217;s Keep Track<\/td>\n<\/tr>\n<tr style=\"height: 13px;\" valign=\"middle\">\n<td style=\"width: 140px;\" rowspan=\"8\" valign=\"middle\" align=\"center\">Ch.<br \/>\nYagoda-Malina iz Terletskoy Dubravy+\/+<\/td>\n<td style=\"width: 140px;\" rowspan=\"4\" valign=\"middle\" align=\"center\">Ch.<br \/>\nPuding Dog Knjaz Terletskiy<br \/>\nHD B+\/+<\/td>\n<td style=\"width: 140px;\" rowspan=\"2\" valign=\"middle\" align=\"center\">Ch.<br \/>\nBad Mad Serbian Surprise in Raul<br \/>\nHD A<\/td>\n<td style=\"width: 140px;\" valign=\"middle\" align=\"center\">Ch. Spotnik&#8217;s Special Selection<\/td>\n<\/tr>\n<tr style=\"height: 13px;\" valign=\"middle\">\n<td style=\"width: 140px;\" valign=\"middle\" align=\"center\">Ch. T-Cart Made by Love<\/td>\n<\/tr>\n<tr style=\"height: 13px;\" valign=\"middle\">\n<td style=\"width: 140px;\" rowspan=\"2\" valign=\"middle\" align=\"center\">Ch.<br \/>\nEzhevika iz Terletskoy Dubravy<\/td>\n<td style=\"width: 140px;\" valign=\"middle\" align=\"center\">Ch. Daloes Robbsdale&#8217;s Easy Rider<\/td>\n<\/tr>\n<tr style=\"height: 13px;\" valign=\"middle\">\n<td style=\"width: 140px;\" valign=\"middle\" align=\"center\">Ch. Gwynmor Never Say Never<\/td>\n<\/tr>\n<tr style=\"height: 13px;\" valign=\"middle\">\n<td style=\"width: 140px;\" rowspan=\"4\" valign=\"middle\" align=\"center\">Lavanda iz Terletskoy Dubravy<\/td>\n<td style=\"width: 140px;\" rowspan=\"2\" valign=\"middle\" align=\"center\">Ch.<br \/>\nKeen Keemun of Dalbury&#8217;s Clan<\/td>\n<td style=\"width: 140px;\" valign=\"middle\" align=\"center\">Ch. Timanka&#8217;s Almost a Clown<\/td>\n<\/tr>\n<tr style=\"height: 13px;\" valign=\"middle\">\n<td style=\"width: 140px;\" valign=\"middle\" align=\"center\">Dainty Djeany of Dalbury&#8217;s Clan<\/td>\n<\/tr>\n<tr style=\"height: 13px;\" valign=\"middle\">\n<td style=\"width: 140px;\" rowspan=\"2\" valign=\"middle\" align=\"center\">Ch.<br \/>\nLegenda iz Terletskoy Dubravy<\/td>\n<td style=\"width: 140px;\" valign=\"middle\" align=\"center\">Ch. Navarro della Belcora<\/td>\n<\/tr>\n<tr style=\"height: 13px;\" valign=\"middle\">\n<td style=\"width: 140px;\" valign=\"middle\" align=\"center\">Ch. Lucia della Belcora<\/td>\n<\/tr>\n<tr style=\"height: 13px;\" valign=\"middle\">\n<td style=\"width: 140px;\" rowspan=\"16\" valign=\"middle\" align=\"center\">\n<p style=\"text-align: center;\"><span style=\"font-family: arial,helvetica,sans-serif;\"><span style=\"font-size: 12pt;\">Dt.Ch. C&#8217;est la vie of Royalspots<br \/>\n<\/span><\/span><\/p>\n<p style=\"text-align: center;\"><span style=\"font-family: arial,helvetica,sans-serif;\"><span style=\"font-size: 12pt;\">HD A<br \/>\n<\/span><\/span><\/p>\n<p style=\"text-align: center;\"><span style=\"font-family: arial,helvetica,sans-serif;\"><span style=\"font-size: 12pt;\">all teeth<\/span><\/span><\/p>\n<p style=\"text-align: center;\"><span style=\"font-family: arial,helvetica,sans-serif;\"><span style=\"font-size: 12pt;\">+\/+<br \/>\n<\/span><\/span><\/p>\n<\/td>\n<td style=\"width: 140px;\" rowspan=\"8\" valign=\"middle\" align=\"center\">Ch. Panthera Unica Star at Sea&nbsp;<\/p>\n<p>HD A<\/p>\n<p>all teeth<\/p>\n<p>+\/+<\/td>\n<td style=\"width: 140px;\" rowspan=\"4\" valign=\"middle\" align=\"center\">Ch.<br \/>\nT-Cart Man of Gold<br \/>\nHD A<\/td>\n<td style=\"width: 140px;\" rowspan=\"2\" valign=\"middle\" align=\"center\">Ch.<br \/>\nKnight of Gold at Theakston<br \/>\nHD A<\/td>\n<td style=\"width: 140px;\" valign=\"middle\" align=\"center\">Ch. Beaumore Night Owl of Olbero<\/td>\n<\/tr>\n<tr style=\"height: 13px;\" valign=\"middle\">\n<td style=\"width: 140px;\" valign=\"middle\" align=\"center\">Konavlje Stella D&#8217;Oro<\/td>\n<\/tr>\n<tr style=\"height: 13px;\" valign=\"middle\">\n<td style=\"width: 140px;\" rowspan=\"2\" valign=\"middle\" align=\"center\">Ch.<br \/>\nT-Cart Irish Coffee<\/td>\n<td style=\"width: 140px;\" valign=\"middle\" align=\"center\">T-Cart Zack<\/td>\n<\/tr>\n<tr style=\"height: 13px;\" valign=\"middle\">\n<td style=\"width: 140px;\" valign=\"middle\" align=\"center\">Ch. Perdita&#8217;s Key to Heaven<\/td>\n<\/tr>\n<tr style=\"height: 13px;\" valign=\"middle\">\n<td style=\"width: 140px;\" rowspan=\"4\" valign=\"middle\" align=\"center\">Ch.<br \/>\nFortuna de GabriTho<br \/>\nHD A<\/td>\n<td style=\"width: 140px;\" rowspan=\"2\" valign=\"middle\" align=\"center\">Ch.<br \/>\nT-Cart Black Baboo<\/td>\n<td style=\"width: 140px;\" valign=\"middle\" align=\"center\">Perdita&#8217;s Jam Session<\/td>\n<\/tr>\n<tr style=\"height: 13px;\" valign=\"middle\">\n<td style=\"width: 140px;\" valign=\"middle\" align=\"center\">T-Cart Panthera Unica<\/td>\n<\/tr>\n<tr style=\"height: 13px;\" valign=\"middle\">\n<td style=\"width: 140px;\" rowspan=\"2\" valign=\"middle\" align=\"center\">Ch.<br \/>\nT-Cart Zilwra<br \/>\nHD A<\/td>\n<td style=\"width: 140px;\" valign=\"middle\" align=\"center\">T-Cart Unicus<\/td>\n<\/tr>\n<tr style=\"height: 13px;\" valign=\"middle\">\n<td style=\"width: 140px;\" valign=\"middle\" align=\"center\">Ch. T-Cart Rasima<\/td>\n<\/tr>\n<tr style=\"height: 13px;\" valign=\"middle\">\n<td style=\"width: 140px;\" rowspan=\"8\" valign=\"middle\" align=\"center\">Ch. Gwynmor Young Emily Brown&nbsp;<\/p>\n<p>HD L<\/p>\n<p>all teeth<\/p>\n<p>+\/+<\/td>\n<td style=\"width: 140px;\" rowspan=\"4\" valign=\"middle\" align=\"center\">Ch.<br \/>\nBell-A-Mir&#8217;s Elegant Envoy<br \/>\nHD A+\/+<\/td>\n<td style=\"width: 140px;\" rowspan=\"2\" valign=\"middle\" align=\"center\">Ch.<br \/>\nSpotnik&#8217;s Viking Victory<br \/>\nHD A<\/td>\n<td style=\"width: 140px;\" valign=\"middle\" align=\"center\">Ch. Spotnik&#8217;s Special Selection<\/td>\n<\/tr>\n<tr style=\"height: 13px;\" valign=\"middle\">\n<td style=\"width: 140px;\" valign=\"middle\" align=\"center\">Ch. Perdita&#8217;s Kiss Me Better<\/td>\n<\/tr>\n<tr style=\"height: 13px;\" valign=\"middle\">\n<td style=\"width: 140px;\" rowspan=\"2\" valign=\"middle\" align=\"center\">Bell-a-Mir&#8217;s Classy Cleopatra<br \/>\nHD A<\/td>\n<td style=\"width: 140px;\" valign=\"middle\" align=\"center\">Ch. Rocca al Mare Congregare<\/td>\n<\/tr>\n<tr style=\"height: 13px;\" valign=\"middle\">\n<td style=\"width: 140px;\" valign=\"middle\" align=\"center\">Bell-A-Mir&#8217;s Babuska<\/td>\n<\/tr>\n<tr style=\"height: 13px;\" valign=\"middle\">\n<td style=\"width: 140px;\" rowspan=\"4\" valign=\"middle\" align=\"center\">Ch.<br \/>\nGwynmor Quicksilver<br \/>\nHD A+\/+<\/td>\n<td style=\"width: 140px;\" rowspan=\"2\" valign=\"middle\" align=\"center\">Ch.<br \/>\nSpotnik&#8217;s Special Selection<br \/>\nHD B+\/+<\/td>\n<td style=\"width: 140px;\" valign=\"middle\" align=\"center\">Ch. Spotnik&#8217;s Quick Quackery<\/td>\n<\/tr>\n<tr style=\"height: 13px;\" valign=\"middle\">\n<td style=\"width: 140px;\" valign=\"middle\" align=\"center\">Ch. Spotnik&#8217;s Milkmaid<\/td>\n<\/tr>\n<tr style=\"height: 13px;\" valign=\"middle\">\n<td style=\"width: 140px;\" rowspan=\"2\" valign=\"middle\" align=\"center\">Ch.<br \/>\nGwynmor Lots of Love<br \/>\nHD A<br \/>\n+\/+<\/td>\n<td style=\"width: 140px;\" valign=\"middle\" align=\"center\">Ch. Gayfield Charles Brown<\/td>\n<\/tr>\n<tr style=\"height: 13px;\" valign=\"middle\">\n<td style=\"width: 140px;\" valign=\"middle\" align=\"center\">Perdita&#8217;s Keep Track<\/td>\n<\/tr>\n<\/tbody>\n<\/table>\n<\/td>\n<\/tr>\n<\/tbody>\n<\/table>\n","protected":false},"excerpt":{"rendered":"<p>Geburtsdatum: 07.06.2014 Eltern: Farfalla Wiliam Arthur x Ch. C&#8217;est la vie of Royalspots HD: A ED:0 ARDS: frei Audiometrie: +\/+ Zahnstatus: vollzahnig\/ all teeth Farbe: wei\u00df-braun Zuchtzulassung: bestanden im Mai 2017 (DVD) Pr\u00fcfungen: bisher keine Anwartschaften und Championate: 3CACA, 1 CAC Res., 3 CAC, 2 Res. CACIB, 4 CACIB, Deutscher Champion VDH\/Club, Internationaler Champion, \u00d6sterreichischer [&hellip;]<\/p>\n","protected":false},"author":1,"featured_media":0,"parent":454,"menu_order":0,"comment_status":"closed","ping_status":"closed","template":"","meta":{"ngg_post_thumbnail":0,"footnotes":""},"class_list":["post-494","page","type-page","status-publish","hentry"],"_links":{"self":[{"href":"http:\/\/lilomacs.de\/index.php?rest_route=\/wp\/v2\/pages\/494","targetHints":{"allow":["GET"]}}],"collection":[{"href":"http:\/\/lilomacs.de\/index.php?rest_route=\/wp\/v2\/pages"}],"about":[{"href":"http:\/\/lilomacs.de\/index.php?rest_route=\/wp\/v2\/types\/page"}],"author":[{"embeddable":true,"href":"http:\/\/lilomacs.de\/index.php?rest_route=\/wp\/v2\/users\/1"}],"replies":[{"embeddable":true,"href":"http:\/\/lilomacs.de\/index.php?rest_route=%2Fwp%2Fv2%2Fcomments&post=494"}],"version-history":[{"count":14,"href":"http:\/\/lilomacs.de\/index.php?rest_route=\/wp\/v2\/pages\/494\/revisions"}],"predecessor-version":[{"id":1029,"href":"http:\/\/lilomacs.de\/index.php?rest_route=\/wp\/v2\/pages\/494\/revisions\/1029"}],"up":[{"embeddable":true,"href":"http:\/\/lilomacs.de\/index.php?rest_route=\/wp\/v2\/pages\/454"}],"wp:attachment":[{"href":"http:\/\/lilomacs.de\/index.php?rest_route=%2Fwp%2Fv2%2Fmedia&parent=494"}],"curies":[{"name":"wp","href":"https:\/\/api.w.org\/{rel}","templated":true}]}}