{"id":570,"date":"2015-12-25T19:35:00","date_gmt":"2015-12-25T19:35:00","guid":{"rendered":"http:\/\/s522522188.online.de\/?page_id=570"},"modified":"2020-12-27T20:05:46","modified_gmt":"2020-12-27T20:05:46","slug":"wir","status":"publish","type":"page","link":"http:\/\/lilomacs.de\/?page_id=570","title":{"rendered":"Wir"},"content":{"rendered":"<p style=\"text-align: justify;\">Wir wohnen mit Commander O&#8217;Reilly, Crazy Finley, C&#8217;est la vie of Royalspots und unserer Nachzuchth\u00fcndin Lilomac&#8217;s Aloha Ohana Oliana, wohnen im sch\u00f6nen St\u00e4dtchen Datteln am n\u00f6rdlichen Rande des Ruhrgebiets mit direktem Zugang zum Naherholungs- und Naturschutzgebiet Haard\/ Hohe Mark. Unser H\u00e4uschen steht, wie wir immer sagen &#8222;mitten auf&#8217;m Acker&#8220;, richtigerweise &#8222;Zum Gutacker&#8220;. Wir wohnen tats\u00e4chlich sehr l\u00e4ndlich und unsere vier Hunde haben viel Platz zum Toben, Rennen und auch Trainieren. Reilly, Finley und Lia sind mit mir aktiv im Rettungshundewesen und Cella hat die Sparte Apportieren und Fun-Agility f\u00fcr sich entdeckt. Die Hunde sind so gut wie immer dabei und nicht nur unser Hobby, sondern gewisserma\u00dfen unser Leben. Eine gro\u00dfe St\u00fctze ist immer wieder meine Schwester, die f\u00fcr unsere vier Punkte da ist, wenn ich mal l\u00e4nger arbeiten muss oder die Zeit des Alleinbleibens das ertr\u00e4gliche Maximum \u00fcbersteigt. Da ich als Lehrerin aber sonst vergleichsweise fr\u00fch zur\u00fcck bin, geh\u00f6rt der Nachmittag ganz den Hunden.<\/p>\n<p style=\"text-align: justify;\">Angefangen hat unsere Leidenschaft f\u00fcr Hunde mit unserem Golden Retriever Camillo. Er war mein &#8222;Lilleb\u00e4r&#8220; und bleibt f\u00fcr immer in unseren Herzen. Die Buchstaben seines Namens bilden den Namen unserer Zuchtst\u00e4tte, damit auch bei unseren &#8222;Punkten&#8220; immer ein klein wenig Retriever mit dabei ist. Von 1995 bis 2010 hat Camillo uns immer begleitet. Wir haben mit ihm viele Seiten des &#8222;Hundlebens&#8220; kennen und lieben gelernt. Die Jagd und Dummyarbeit waren seine gr\u00f6\u00dfte Freude. Meine Mutter und ich sind gelegentlich auf kleinere Ausstellungen gefahren und er hat dann sogar die Zuchtzulassung erhalten. Sein Sohn Ango kam dann drei Jahre sp\u00e4ter zu uns. Er war ebenfalls ein gro\u00dfartiger Apporteur und Wasserliebhaber. Leider mussten wir uns viel zu fr\u00fch nach vier gemeinsamen Jahren aufgrund einer akuten und dramatisch verlaufenen Krankheit trennen. Nach dem Tod von unserem Camillo sollte eigentlich kein neuer Hund mehr bei uns einziehen, aber erstens kommt es anders und zweitens als man denkt. Eine gute Bekannte kam in unserer hundelosen Zeit mit ihrem Dalmir\u00fcden Cosmo vom Raesfelder Teich zum Training und Spazierg\u00e4ngen vorbei, ich ging Anfang 2010 mit zur Ausstellung nach Castrop-Rauxel, sah die vielen liebenswerten und auch etwas verr\u00fcckten Dalmatiner und so nahm und nimmt die Geschichte ihren Lauf&#8230;<\/p>\n<p style=\"text-align: justify;\">Der Dank geht an dieser Stelle nat\u00fcrlich an Lena mit Cosmo, die uns \u00fcberhaupt auf die Idee gebracht hat, dass ein Dalmi das Leben sehr bereichern kann und an Stefan Rothenberger, der mich seit der Entscheidung f\u00fcr einen (oder auch zwei oder doch drei) Dalmis und die Zuchtst\u00e4tte &#8222;of Royalspots&#8220; immer freundschaftlich unterst\u00fctzt, beraten und uns seine drei Ziehkinder anvertraut hat.<\/p>\n","protected":false},"excerpt":{"rendered":"<p>Wir wohnen mit Commander O&#8217;Reilly, Crazy Finley, C&#8217;est la vie of Royalspots und unserer Nachzuchth\u00fcndin Lilomac&#8217;s Aloha Ohana Oliana, wohnen im sch\u00f6nen St\u00e4dtchen Datteln am n\u00f6rdlichen Rande des Ruhrgebiets mit direktem Zugang zum Naherholungs- und Naturschutzgebiet Haard\/ Hohe Mark. Unser H\u00e4uschen steht, wie wir immer sagen &#8222;mitten auf&#8217;m Acker&#8220;, richtigerweise &#8222;Zum Gutacker&#8220;. Wir wohnen tats\u00e4chlich [&hellip;]<\/p>\n","protected":false},"author":1,"featured_media":0,"parent":0,"menu_order":0,"comment_status":"closed","ping_status":"closed","template":"","meta":{"ngg_post_thumbnail":0,"footnotes":""},"class_list":["post-570","page","type-page","status-publish","hentry"],"_links":{"self":[{"href":"http:\/\/lilomacs.de\/index.php?rest_route=\/wp\/v2\/pages\/570","targetHints":{"allow":["GET"]}}],"collection":[{"href":"http:\/\/lilomacs.de\/index.php?rest_route=\/wp\/v2\/pages"}],"about":[{"href":"http:\/\/lilomacs.de\/index.php?rest_route=\/wp\/v2\/types\/page"}],"author":[{"embeddable":true,"href":"http:\/\/lilomacs.de\/index.php?rest_route=\/wp\/v2\/users\/1"}],"replies":[{"embeddable":true,"href":"http:\/\/lilomacs.de\/index.php?rest_route=%2Fwp%2Fv2%2Fcomments&post=570"}],"version-history":[{"count":5,"href":"http:\/\/lilomacs.de\/index.php?rest_route=\/wp\/v2\/pages\/570\/revisions"}],"predecessor-version":[{"id":1024,"href":"http:\/\/lilomacs.de\/index.php?rest_route=\/wp\/v2\/pages\/570\/revisions\/1024"}],"wp:attachment":[{"href":"http:\/\/lilomacs.de\/index.php?rest_route=%2Fwp%2Fv2%2Fmedia&parent=570"}],"curies":[{"name":"wp","href":"https:\/\/api.w.org\/{rel}","templated":true}]}}