{"id":842,"date":"2017-07-31T19:08:52","date_gmt":"2017-07-31T19:08:52","guid":{"rendered":"http:\/\/lilomacs.de\/?page_id=842"},"modified":"2017-08-10T04:04:19","modified_gmt":"2017-08-10T04:04:19","slug":"b-wurf","status":"publish","type":"page","link":"http:\/\/lilomacs.de\/?page_id=842","title":{"rendered":"B-Wurf"},"content":{"rendered":"<p>Unser B-Wurf war lange geplant und wir haben uns die Suche nach einem passenden R\u00fcden nicht leicht gemacht. Dem Idealtyp eines substanzvollen Laufhundes sollte er gerecht werden und ein ebenso angenehmes Wesen haben. Zippo vereint alle Anspr\u00fcche, die wir an einen Deckr\u00fcden stellen. Er ist nicht nur Schwedischer Champion, sondern wird auch in Obidience trainiert, was besonders seine Lernbereitschaft positiv unterstreicht. Zippo wohnt in Schweden zusammen mit einem kleinen Border Collie und seiner Dalmatinerpartnerin Vinna. Er harmoniert unglaublich gut mit Lia, sowohl charakterlich als auch optisch. Lia ist selbst Deutscher Champion Club, hat ihre Begleithundepr\u00fcfung bestanden und ist in der Ausbildungs zum Rettungshund\/ Fl\u00e4che. Wir sind guter Dinge, dass sich die Vorz\u00fcge beider Eltern auch im Nachwuchs wiederfinden. Wir haben elf Welpen, davon sind f\u00fcnf H\u00fcndinnen und sechs R\u00fcden, jeweils eine braune H\u00fcndin, der rest schwarz und ein schwarzer R\u00fcde, der Rest wiederum braun.<\/p>\n<table style=\"height: 969px;\" width=\"753\" cellspacing=\"1\" cellpadding=\"5\" border=\"\">\n<tbody>\n<tr>\n<td rowspan=\"8\" bgcolor=\"white\"><span style=\"color: black; font-family: Arial;\"><span style=\"font-size: small;\">Pric<\/span><\/span><span style=\"color: black; font-family: Arial;\"><span style=\"font-size: small;\">e-Spot&#8217;s Early Bird<span style=\"font-size: xx-small;\"><br \/>\nNO 58415\/12<br \/>\nB: 04\/11\/2012 COI: 8.3% HS: HD-B<\/span><\/span><\/span><\/td>\n<td rowspan=\"4\" bgcolor=\"white\"><span style=\"font-size: small;\"><span style=\"color: black; font-family: Arial;\"><span style=\"color: red; font-family: Arial;\">Ch<\/span><br \/>\nPrice-Spot&#8217;s Cool Runnings<br \/>\nNO 47622\/11<br \/>\nB: 14\/05\/2011 COI: 6.5% HS: HD-A<\/span><\/span><\/td>\n<td rowspan=\"2\" bgcolor=\"white\"><span style=\"font-size: small;\"><span style=\"color: black; font-family: Arial;\"><span style=\"color: red; font-family: Arial;\">Ch<\/span><br \/>\nBell-A-Mir&#8217;s Elegant Envoy<br \/>\nS 62691\/04<\/span><\/span><\/td>\n<td bgcolor=\"white\"><span style=\"font-size: small;\"><span style=\"color: black; font-family: Arial;\"><span style=\"color: red; font-family: Arial;\">Ch<\/span><br \/>\nSpotnik&#8217;s Viking Victory<\/span><\/span><\/td>\n<\/tr>\n<tr>\n<td bgcolor=\"white\"><span style=\"font-size: small;\"><span style=\"color: black; font-family: Arial;\">Bell-a-Mir&#8217;s Classy Cleopatra<\/span><\/span><\/td>\n<\/tr>\n<tr>\n<td rowspan=\"2\" bgcolor=\"white\"><span style=\"font-size: small;\"><span style=\"color: black; font-family: Arial;\"><span style=\"color: red; font-family: Arial;\">Ch<\/span><br \/>\nSpotnik&#8217;s Coffee Cream<br \/>\nS 15975\/2006<\/span><\/span><\/td>\n<td bgcolor=\"white\"><span style=\"font-size: small;\"><span style=\"color: black; font-family: Arial;\"><span style=\"color: red; font-family: Arial;\">Ch<\/span><br \/>\nDalmo&#8217;s Elegant Edward<\/span><\/span><\/td>\n<\/tr>\n<tr>\n<td bgcolor=\"white\"><span style=\"font-size: small;\"><span style=\"color: black; font-family: Arial;\">Spotnik&#8217;s Treasure O&#8217;Tomorrow<\/span><\/span><\/td>\n<\/tr>\n<tr>\n<td rowspan=\"4\" bgcolor=\"white\"><span style=\"font-size: small;\"><span style=\"color: black; font-family: Arial;\">Price-Spot&#8217;s Bag Of Tricks<br \/>\nN 02593\/08<br \/>\nB: 26\/10\/2007 COI: 8.6% HS: HD-A<\/span><\/span><\/td>\n<td rowspan=\"2\" bgcolor=\"white\"><span style=\"font-size: small;\"><span style=\"color: black; font-family: Arial;\"><span style=\"color: red; font-family: Arial;\">Ch<\/span><br \/>\nRidotto Napoleone<br \/>\nS 46334\/2003<\/span><\/span><\/td>\n<td bgcolor=\"white\"><span style=\"font-size: small;\"><span style=\"color: black; font-family: Arial;\"><span style=\"color: red; font-family: Arial;\">Ch<\/span><br \/>\nSpotnik&#8217;s Quick Quackery<\/span><\/span><\/td>\n<\/tr>\n<tr>\n<td bgcolor=\"white\"><span style=\"font-size: small;\"><span style=\"color: black; font-family: Arial;\"><span style=\"color: red; font-family: Arial;\">Ch<\/span><br \/>\nRidotto Filomena<\/span><\/span><\/td>\n<\/tr>\n<tr>\n<td rowspan=\"2\" bgcolor=\"white\"><span style=\"font-size: small;\"><span style=\"color: black; font-family: Arial;\"><span style=\"color: red; font-family: Arial;\">Ch<\/span><br \/>\nDalmo&#8217;s Xantippe<br \/>\nN 07459\/01<\/span><\/span><\/td>\n<td bgcolor=\"white\"><span style=\"font-size: small;\"><span style=\"color: black; font-family: Arial;\"><span style=\"color: red; font-family: Arial;\">Ch<\/span><br \/>\nDalmo&#8217;s Vinston<\/span><\/span><\/td>\n<\/tr>\n<tr>\n<td bgcolor=\"white\"><span style=\"font-size: small;\"><span style=\"color: black; font-family: Arial;\"><span style=\"color: red; font-family: Arial;\">Ch<\/span><br \/>\nDalmo&#8217;s Knysna<\/span><\/span><\/td>\n<\/tr>\n<tr>\n<td rowspan=\"8\" bgcolor=\"white\"><span style=\"font-size: small;\"><span style=\"color: black; font-family: Arial;\">Lilomac&#8217;s Aloha Ohana Oliana<br \/>\nVDH\/DZB 29841<br \/>\nB: 07\/06\/2014 COI: 7.9% HD-B<br \/>\n<\/span><\/span><\/td>\n<td rowspan=\"4\" bgcolor=\"white\"><span style=\"font-size: small;\"><span style=\"color: black; font-family: Arial;\">Farfalla Uilliam Arthur<br \/>\nRKF RKF 3051715<br \/>\nB: 26\/03\/2011 COI: 6.2% HS: HD-B<\/span><\/span><\/td>\n<td rowspan=\"2\" bgcolor=\"white\"><span style=\"font-size: small;\"><span style=\"color: black; font-family: Arial;\"><span style=\"color: red; font-family: Arial;\">Ch<\/span><br \/>\nCrunch Munch v. Ascabah<br \/>\nRKF RKF 2457765<\/span><\/span><\/td>\n<td bgcolor=\"white\"><span style=\"font-size: small;\"><span style=\"color: black; font-family: Arial;\"><span style=\"color: red; font-family: Arial;\">Ch<\/span><br \/>\nDalmo&#8217;s Headmaster-II<\/span><\/span><\/td>\n<\/tr>\n<tr>\n<td bgcolor=\"white\"><span style=\"font-size: small;\"><span style=\"color: black; font-family: Arial;\"><span style=\"color: red; font-family: Arial;\">Ch<\/span><br \/>\nGwynmor Unchained Melody<\/span><\/span><\/td>\n<\/tr>\n<tr>\n<td rowspan=\"2\" bgcolor=\"white\"><span style=\"font-size: small;\"><span style=\"color: black; font-family: Arial;\"><span style=\"color: red; font-family: Arial;\">Ch<\/span><br \/>\nYagoda-Malina iz Terletskoy Dubravy<br \/>\nRKF RKF 1770681<\/span><\/span><\/td>\n<td bgcolor=\"white\"><span style=\"font-size: small;\"><span style=\"color: black; font-family: Arial;\"><span style=\"color: red; font-family: Arial;\">Ch<\/span><br \/>\nPuding Dog Knjaz Terletskiy<\/span><\/span><\/td>\n<\/tr>\n<tr>\n<td bgcolor=\"white\"><span style=\"font-size: small;\"><span style=\"color: black; font-family: Arial;\">Lavanda iz Terletskoy Dubravy<\/span><\/span><\/td>\n<\/tr>\n<tr>\n<td rowspan=\"4\" bgcolor=\"white\"><span style=\"font-size: small;\"><span style=\"color: black; font-family: Arial;\">C&#8217;est La Vie of Royalspot<br \/>\nVDH\/DZB 28621<br \/>\nB: 17\/07\/2010 COI: G8-14 HS: HD-A<\/span><\/span><\/td>\n<td rowspan=\"2\" bgcolor=\"white\"><span style=\"font-size: small;\"><span style=\"color: black; font-family: Arial;\"><span style=\"color: red; font-family: Arial;\">Ch<\/span><br \/>\nPanthera Unica Star At Sea<br \/>\nMET Da 7295\/h\/0 HD-A<br \/>\n<\/span><\/span><\/td>\n<td bgcolor=\"white\"><span style=\"font-size: small;\"><span style=\"color: black; font-family: Arial;\"><span style=\"color: red; font-family: Arial;\">Ch<\/span><br \/>\nT-Cart Man of Gold<\/span><\/span><\/td>\n<\/tr>\n<tr>\n<td bgcolor=\"white\"><span style=\"font-size: small;\"><span style=\"color: black; font-family: Arial;\"><span style=\"color: red; font-family: Arial;\">Ch<\/span><br \/>\nFortuna de GabriTho<\/span><\/span><\/td>\n<\/tr>\n<tr>\n<td rowspan=\"2\" bgcolor=\"white\"><span style=\"font-size: small;\"><span style=\"color: black; font-family: Arial;\"><span style=\"color: red; font-family: Arial;\">Ch<\/span><br \/>\nGwynmor Young Emily Brown<br \/>\nNHSB 2588607 HD-C<br \/>\n<\/span><\/span><\/td>\n<td bgcolor=\"white\"><span style=\"font-size: small;\"><span style=\"color: black; font-family: Arial;\"><span style=\"color: red; font-family: Arial;\">Ch<\/span><br \/>\nBell-A-Mir&#8217;s Elegant Envoy<\/span><\/span><\/td>\n<\/tr>\n<tr>\n<td bgcolor=\"white\"><span style=\"font-size: small;\"><span style=\"color: black; font-family: Arial;\"><span style=\"color: red; font-family: Arial;\">Ch<\/span><br \/>\nGwynmor Quicksilver<\/span><\/span><\/td>\n<\/tr>\n<\/tbody>\n<\/table>\n<p><!--more--><\/p>\n","protected":false},"excerpt":{"rendered":"<p>Unser B-Wurf war lange geplant und wir haben uns die Suche nach einem passenden R\u00fcden nicht leicht gemacht. Dem Idealtyp eines substanzvollen Laufhundes sollte er gerecht werden und ein ebenso angenehmes Wesen haben. Zippo vereint alle Anspr\u00fcche, die wir an einen Deckr\u00fcden stellen. Er ist nicht nur Schwedischer Champion, sondern wird auch in Obidience trainiert, [&hellip;]<\/p>\n","protected":false},"author":1,"featured_media":0,"parent":0,"menu_order":0,"comment_status":"closed","ping_status":"closed","template":"","meta":{"ngg_post_thumbnail":0,"footnotes":""},"class_list":["post-842","page","type-page","status-publish","hentry"],"_links":{"self":[{"href":"http:\/\/lilomacs.de\/index.php?rest_route=\/wp\/v2\/pages\/842","targetHints":{"allow":["GET"]}}],"collection":[{"href":"http:\/\/lilomacs.de\/index.php?rest_route=\/wp\/v2\/pages"}],"about":[{"href":"http:\/\/lilomacs.de\/index.php?rest_route=\/wp\/v2\/types\/page"}],"author":[{"embeddable":true,"href":"http:\/\/lilomacs.de\/index.php?rest_route=\/wp\/v2\/users\/1"}],"replies":[{"embeddable":true,"href":"http:\/\/lilomacs.de\/index.php?rest_route=%2Fwp%2Fv2%2Fcomments&post=842"}],"version-history":[{"count":7,"href":"http:\/\/lilomacs.de\/index.php?rest_route=\/wp\/v2\/pages\/842\/revisions"}],"predecessor-version":[{"id":919,"href":"http:\/\/lilomacs.de\/index.php?rest_route=\/wp\/v2\/pages\/842\/revisions\/919"}],"wp:attachment":[{"href":"http:\/\/lilomacs.de\/index.php?rest_route=%2Fwp%2Fv2%2Fmedia&parent=842"}],"curies":[{"name":"wp","href":"https:\/\/api.w.org\/{rel}","templated":true}]}}